{"id":643,"date":"2025-06-03T09:47:21","date_gmt":"2025-06-03T09:47:21","guid":{"rendered":"https:\/\/qomuniq.com\/?page_id=643"},"modified":"2025-06-23T06:10:08","modified_gmt":"2025-06-23T06:10:08","slug":"sprachkompetenz-balkan","status":"publish","type":"page","link":"https:\/\/qomuniq.com\/sr\/sprachkompetenz-balkan\/","title":{"rendered":"Jezi\u010dkie ve\u0161tine \u2013 Balkan i Austrija"},"content":{"rendered":"<div data-elementor-type=\"wp-page\" data-elementor-id=\"643\" class=\"elementor elementor-643\" data-elementor-post-type=\"page\">\n\t\t\t\t<div class=\"elementor-element elementor-element-30167a3 e-con-full e-flex e-con e-parent\" data-id=\"30167a3\" data-element_type=\"container\" data-settings=\"{&quot;background_background&quot;:&quot;classic&quot;}\">\n\t\t\t\t<div class=\"elementor-element elementor-element-b190e80 animated-slow elementor-invisible elementor-widget elementor-widget-heading\" data-id=\"b190e80\" data-element_type=\"widget\" data-settings=\"{&quot;_animation&quot;:&quot;fadeIn&quot;}\" data-widget_type=\"heading.default\">\n\t\t\t\t<div class=\"elementor-widget-container\">\n\t\t\t\t\t<h1 class=\"elementor-heading-title elementor-size-default\">QOMUNIQ | Language. <\/br>Culture. Connection.<\/h1>\t\t\t\t<\/div>\n\t\t\t\t<\/div>\n\t\t\t\t<div class=\"elementor-element elementor-element-a5ad844 animated-slow elementor-invisible elementor-widget elementor-widget-heading\" data-id=\"a5ad844\" data-element_type=\"widget\" data-settings=\"{&quot;_animation&quot;:&quot;fadeIn&quot;,&quot;_animation_delay&quot;:500}\" data-widget_type=\"heading.default\">\n\t\t\t\t<div class=\"elementor-widget-container\">\n\t\t\t\t\t<h2 class=\"elementor-heading-title elementor-size-default\">Za one sa domom u nema\u010dkojezi\u010dnim zemljama i tradicijom sa Balkana.<\/h2>\t\t\t\t<\/div>\n\t\t\t\t<\/div>\n\t\t\t\t<\/div>\n\t\t<div class=\"elementor-element elementor-element-0d65199 e-flex e-con-boxed elementor-invisible e-con e-parent\" data-id=\"0d65199\" data-element_type=\"container\" data-settings=\"{&quot;background_background&quot;:&quot;classic&quot;,&quot;animation&quot;:&quot;fadeInUp&quot;}\">\n\t\t\t\t\t<div class=\"e-con-inner\">\n\t\t<div class=\"elementor-element elementor-element-4c5f404 e-con-full e-flex e-con e-child\" data-id=\"4c5f404\" data-element_type=\"container\">\n\t\t\t\t<div class=\"elementor-element elementor-element-6cf0d65 elementor-invisible elementor-widget elementor-widget-heading\" data-id=\"6cf0d65\" data-element_type=\"widget\" data-settings=\"{&quot;_animation&quot;:&quot;fadeIn&quot;}\" data-widget_type=\"heading.default\">\n\t\t\t\t<div class=\"elementor-widget-container\">\n\t\t\t\t\t<h2 class=\"elementor-heading-title elementor-size-default\">Povezivanje <span style=\"color: #009688\">kroz jezik<\/span><\/h2>\t\t\t\t<\/div>\n\t\t\t\t<\/div>\n\t\t\t\t<div class=\"elementor-element elementor-element-8a4fe75 elementor-invisible elementor-widget elementor-widget-heading\" data-id=\"8a4fe75\" data-element_type=\"widget\" data-settings=\"{&quot;_animation&quot;:&quot;fadeIn&quot;}\" data-widget_type=\"heading.default\">\n\t\t\t\t<div class=\"elementor-widget-container\">\n\t\t\t\t\t<h2 class=\"elementor-heading-title elementor-size-default\">QOMUNIQ funkcioni\u0161e kao most koji spaja kulturu i jezik DACH podru\u010dja i Balkana. <\/h2>\t\t\t\t<\/div>\n\t\t\t\t<\/div>\n\t\t\t\t<div class=\"elementor-element elementor-element-c1b72c4 elementor-invisible elementor-widget elementor-widget-heading\" data-id=\"c1b72c4\" data-element_type=\"widget\" data-settings=\"{&quot;_animation&quot;:&quot;fadeIn&quot;}\" data-widget_type=\"heading.default\">\n\t\t\t\t<div class=\"elementor-widget-container\">\n\t\t\t\t\t<h2 class=\"elementor-heading-title elementor-size-default\">Na\u0161 program obuhvata jezi\u010dke ve\u0161tine i kulturolo\u0161ke uvide potrebne za rad i \u017eivot u oba podru\u010dja.<\/h2>\t\t\t\t<\/div>\n\t\t\t\t<\/div>\n\t\t\t\t<\/div>\n\t\t<div class=\"elementor-element elementor-element-8731719 e-con-full e-flex e-con e-child\" data-id=\"8731719\" data-element_type=\"container\">\n\t\t\t\t<div class=\"elementor-element elementor-element-122c8ca animated-slow elementor-invisible elementor-widget elementor-widget-image\" data-id=\"122c8ca\" data-element_type=\"widget\" data-settings=\"{&quot;_animation&quot;:&quot;fadeIn&quot;}\" data-widget_type=\"image.default\">\n\t\t\t\t<div class=\"elementor-widget-container\">\n\t\t\t\t\t\t\t\t\t\t\t\t\t\t\t<img fetchpriority=\"high\" decoding=\"async\" width=\"800\" height=\"800\" src=\"https:\/\/qomuniq.com\/wp-content\/uploads\/Qomuniq_brueckenfunktion.webp\" class=\"attachment-large size-large wp-image-755\" alt=\"\" srcset=\"https:\/\/qomuniq.com\/wp-content\/uploads\/Qomuniq_brueckenfunktion.webp 1024w, https:\/\/qomuniq.com\/wp-content\/uploads\/Qomuniq_brueckenfunktion-300x300.webp 300w, https:\/\/qomuniq.com\/wp-content\/uploads\/Qomuniq_brueckenfunktion-150x150.webp 150w, https:\/\/qomuniq.com\/wp-content\/uploads\/Qomuniq_brueckenfunktion-768x768.webp 768w\" sizes=\"(max-width: 800px) 100vw, 800px\" \/>\t\t\t\t\t\t\t\t\t\t\t\t\t\t\t<\/div>\n\t\t\t\t<\/div>\n\t\t\t\t<\/div>\n\t\t\t\t\t<\/div>\n\t\t\t\t<\/div>\n\t\t<div class=\"elementor-element elementor-element-c8bd214 e-flex e-con-boxed e-con e-parent\" data-id=\"c8bd214\" data-element_type=\"container\" data-settings=\"{&quot;background_background&quot;:&quot;classic&quot;}\">\n\t\t\t\t\t<div class=\"e-con-inner\">\n\t\t\t\t<div class=\"elementor-element elementor-element-91508c4 animated-slow elementor-invisible elementor-widget elementor-widget-heading\" data-id=\"91508c4\" data-element_type=\"widget\" data-settings=\"{&quot;_animation&quot;:&quot;fadeInDown&quot;,&quot;motion_fx_motion_fx_scrolling&quot;:&quot;yes&quot;,&quot;motion_fx_scale_effect&quot;:&quot;yes&quot;,&quot;motion_fx_scale_speed&quot;:{&quot;unit&quot;:&quot;px&quot;,&quot;size&quot;:1,&quot;sizes&quot;:[]},&quot;motion_fx_scale_range&quot;:{&quot;unit&quot;:&quot;%&quot;,&quot;size&quot;:&quot;&quot;,&quot;sizes&quot;:{&quot;start&quot;:20,&quot;end&quot;:85}},&quot;motion_fx_scale_direction&quot;:&quot;out-in&quot;,&quot;motion_fx_devices&quot;:[&quot;desktop&quot;,&quot;laptop&quot;,&quot;tablet&quot;,&quot;mobile&quot;]}\" data-widget_type=\"heading.default\">\n\t\t\t\t<div class=\"elementor-widget-container\">\n\t\t\t\t\t<h2 class=\"elementor-heading-title elementor-size-default\">\"Jezik je mapa jedne kulture \u2014 otkriva ti poreklo i put ljudi.\"<\/h2>\t\t\t\t<\/div>\n\t\t\t\t<\/div>\n\t\t\t\t<div class=\"elementor-element elementor-element-3c7dc8c animated-slow elementor-invisible elementor-widget elementor-widget-heading\" data-id=\"3c7dc8c\" data-element_type=\"widget\" data-settings=\"{&quot;_animation&quot;:&quot;fadeInRight&quot;,&quot;_animation_delay&quot;:1000}\" data-widget_type=\"heading.default\">\n\t\t\t\t<div class=\"elementor-widget-container\">\n\t\t\t\t\t<h2 class=\"elementor-heading-title elementor-size-default\">\u2013 Rita Mae Brown<\/h2>\t\t\t\t<\/div>\n\t\t\t\t<\/div>\n\t\t\t\t\t<\/div>\n\t\t\t\t<\/div>\n\t\t<div class=\"elementor-element elementor-element-71f97d3 e-flex e-con-boxed elementor-invisible e-con e-parent\" data-id=\"71f97d3\" data-element_type=\"container\" data-settings=\"{&quot;background_background&quot;:&quot;classic&quot;,&quot;animation&quot;:&quot;fadeInUp&quot;}\">\n\t\t\t\t\t<div class=\"e-con-inner\">\n\t\t<div class=\"elementor-element elementor-element-5a754df e-con-full e-flex e-con e-child\" data-id=\"5a754df\" data-element_type=\"container\">\n\t\t\t\t<div class=\"elementor-element elementor-element-0161e85 animated-slow elementor-invisible elementor-widget elementor-widget-image\" data-id=\"0161e85\" data-element_type=\"widget\" data-settings=\"{&quot;_animation&quot;:&quot;fadeIn&quot;}\" data-widget_type=\"image.default\">\n\t\t\t\t<div class=\"elementor-widget-container\">\n\t\t\t\t\t\t\t\t\t\t\t\t\t\t\t<img decoding=\"async\" width=\"800\" height=\"800\" src=\"https:\/\/qomuniq.com\/wp-content\/uploads\/Qomuniq_Sprachkompetenz_balkan_alltag.webp\" class=\"attachment-large size-large wp-image-761\" alt=\"\" srcset=\"https:\/\/qomuniq.com\/wp-content\/uploads\/Qomuniq_Sprachkompetenz_balkan_alltag.webp 1024w, https:\/\/qomuniq.com\/wp-content\/uploads\/Qomuniq_Sprachkompetenz_balkan_alltag-300x300.webp 300w, https:\/\/qomuniq.com\/wp-content\/uploads\/Qomuniq_Sprachkompetenz_balkan_alltag-150x150.webp 150w, https:\/\/qomuniq.com\/wp-content\/uploads\/Qomuniq_Sprachkompetenz_balkan_alltag-768x768.webp 768w\" sizes=\"(max-width: 800px) 100vw, 800px\" \/>\t\t\t\t\t\t\t\t\t\t\t\t\t\t\t<\/div>\n\t\t\t\t<\/div>\n\t\t\t\t<\/div>\n\t\t<div class=\"elementor-element elementor-element-1e33248 e-flex e-con-boxed e-con e-child\" data-id=\"1e33248\" data-element_type=\"container\">\n\t\t\t\t\t<div class=\"e-con-inner\">\n\t\t\t\t<div class=\"elementor-element elementor-element-36919a5 elementor-invisible elementor-widget elementor-widget-heading\" data-id=\"36919a5\" data-element_type=\"widget\" data-settings=\"{&quot;_animation&quot;:&quot;fadeIn&quot;}\" data-widget_type=\"heading.default\">\n\t\t\t\t<div class=\"elementor-widget-container\">\n\t\t\t\t\t<h2 class=\"elementor-heading-title elementor-size-default\">Nema\u010dki za svaki dan <span style=\"color: #009688\">&amp; integraciju<\/span><\/h2>\t\t\t\t<\/div>\n\t\t\t\t<\/div>\n\t\t\t\t<div class=\"elementor-element elementor-element-ab2f4d0 elementor-invisible elementor-widget elementor-widget-heading\" data-id=\"ab2f4d0\" data-element_type=\"widget\" data-settings=\"{&quot;_animation&quot;:&quot;fadeIn&quot;}\" data-widget_type=\"heading.default\">\n\t\t\t\t<div class=\"elementor-widget-container\">\n\t\t\t\t\t<h2 class=\"elementor-heading-title elementor-size-default\">Povezujemo u\u010denje jezika sa svakodnevnim \u017eivotom \u2013 kroz prakti\u010dan nema\u010dki i kulturolo\u0161ki kontekst koji omogu\u0107ava sigurnu i spontanu komunikaciju.<\/h2>\t\t\t\t<\/div>\n\t\t\t\t<\/div>\n\t\t\t\t\t<\/div>\n\t\t\t\t<\/div>\n\t\t\t\t\t<\/div>\n\t\t\t\t<\/div>\n\t\t<div class=\"elementor-element elementor-element-5866b23 e-flex e-con-boxed elementor-invisible e-con e-parent\" data-id=\"5866b23\" data-element_type=\"container\" data-settings=\"{&quot;background_background&quot;:&quot;classic&quot;,&quot;animation&quot;:&quot;fadeInUp&quot;}\">\n\t\t\t\t\t<div class=\"e-con-inner\">\n\t\t<div class=\"elementor-element elementor-element-5fc4efd e-con-full e-flex e-con e-child\" data-id=\"5fc4efd\" data-element_type=\"container\">\n\t\t\t\t<div class=\"elementor-element elementor-element-a2c0d34 elementor-invisible elementor-widget elementor-widget-heading\" data-id=\"a2c0d34\" data-element_type=\"widget\" data-settings=\"{&quot;_animation&quot;:&quot;fadeIn&quot;}\" data-widget_type=\"heading.default\">\n\t\t\t\t<div class=\"elementor-widget-container\">\n\t\t\t\t\t<h2 class=\"elementor-heading-title elementor-size-default\">Srpski <span style=\"color: #009688\"> prilago\u0111en poslovnim i privatnim potrebama<\/span><\/h2>\t\t\t\t<\/div>\n\t\t\t\t<\/div>\n\t\t\t\t<div class=\"elementor-element elementor-element-1522f9d elementor-invisible elementor-widget elementor-widget-heading\" data-id=\"1522f9d\" data-element_type=\"widget\" data-settings=\"{&quot;_animation&quot;:&quot;fadeIn&quot;}\" data-widget_type=\"heading.default\">\n\t\t\t\t<div class=\"elementor-widget-container\">\n\t\t\t\t\t<h2 class=\"elementor-heading-title elementor-size-default\">Personalizovana jezi\u010dka obuka za poslovnu komunikaciju na Balkanu i kontakt s porodicom. Uz kulturolo\u0161ko razumevanje koje omogu\u0107ava prirodnu i sigurnu upotrebu jezika.<\/h2>\t\t\t\t<\/div>\n\t\t\t\t<\/div>\n\t\t\t\t<\/div>\n\t\t<div class=\"elementor-element elementor-element-01bd036 e-con-full e-flex e-con e-child\" data-id=\"01bd036\" data-element_type=\"container\">\n\t\t\t\t<div class=\"elementor-element elementor-element-c79d25a animated-slow elementor-invisible elementor-widget elementor-widget-image\" data-id=\"c79d25a\" data-element_type=\"widget\" data-settings=\"{&quot;_animation&quot;:&quot;fadeIn&quot;}\" data-widget_type=\"image.default\">\n\t\t\t\t<div class=\"elementor-widget-container\">\n\t\t\t\t\t\t\t\t\t\t\t\t\t\t\t<img decoding=\"async\" width=\"800\" height=\"800\" src=\"https:\/\/qomuniq.com\/wp-content\/uploads\/Qomuniq_Sprachkompetenz_balkan_beruf.webp\" class=\"attachment-large size-large wp-image-762\" alt=\"\" srcset=\"https:\/\/qomuniq.com\/wp-content\/uploads\/Qomuniq_Sprachkompetenz_balkan_beruf.webp 1024w, https:\/\/qomuniq.com\/wp-content\/uploads\/Qomuniq_Sprachkompetenz_balkan_beruf-300x300.webp 300w, https:\/\/qomuniq.com\/wp-content\/uploads\/Qomuniq_Sprachkompetenz_balkan_beruf-150x150.webp 150w, https:\/\/qomuniq.com\/wp-content\/uploads\/Qomuniq_Sprachkompetenz_balkan_beruf-768x768.webp 768w\" sizes=\"(max-width: 800px) 100vw, 800px\" \/>\t\t\t\t\t\t\t\t\t\t\t\t\t\t\t<\/div>\n\t\t\t\t<\/div>\n\t\t\t\t<\/div>\n\t\t\t\t\t<\/div>\n\t\t\t\t<\/div>\n\t\t<div class=\"elementor-element elementor-element-0255ccd e-flex e-con-boxed elementor-invisible e-con e-parent\" data-id=\"0255ccd\" data-element_type=\"container\" data-settings=\"{&quot;background_background&quot;:&quot;classic&quot;,&quot;animation&quot;:&quot;fadeInUp&quot;}\">\n\t\t\t\t\t<div class=\"e-con-inner\">\n\t\t<div class=\"elementor-element elementor-element-d6ee7af e-con-full e-flex e-con e-child\" data-id=\"d6ee7af\" data-element_type=\"container\">\n\t\t\t\t<div class=\"elementor-element elementor-element-59278f8 elementor-invisible elementor-widget elementor-widget-heading\" data-id=\"59278f8\" data-element_type=\"widget\" data-settings=\"{&quot;_animation&quot;:&quot;fadeIn&quot;}\" data-widget_type=\"heading.default\">\n\t\t\t\t<div class=\"elementor-widget-container\">\n\t\t\t\t\t<h2 class=\"elementor-heading-title elementor-size-default\">Zaka\u017eite sada <span style=\"color: #009688\">besplatan uvodni razgovor<\/span><\/h2>\t\t\t\t<\/div>\n\t\t\t\t<\/div>\n\t\t\t\t<div class=\"elementor-element elementor-element-1e9ba9e elementor-invisible elementor-widget elementor-widget-heading\" data-id=\"1e9ba9e\" data-element_type=\"widget\" data-settings=\"{&quot;_animation&quot;:&quot;fadeIn&quot;}\" data-widget_type=\"heading.default\">\n\t\t\t\t<div class=\"elementor-widget-container\">\n\t\t\t\t\t<h2 class=\"elementor-heading-title elementor-size-default\">Jezi\u010dkie ve\u0161tine \u2013 Balkan i Austrija<\/h2>\t\t\t\t<\/div>\n\t\t\t\t<\/div>\n\t\t\t\t<div class=\"elementor-element elementor-element-3e78acf elementor-align-left elementor-mobile-align-center elementor-widget elementor-widget-button\" data-id=\"3e78acf\" data-element_type=\"widget\" data-widget_type=\"button.default\">\n\t\t\t\t<div class=\"elementor-widget-container\">\n\t\t\t\t\t\t\t\t\t<div class=\"elementor-button-wrapper\">\n\t\t\t\t\t<a class=\"elementor-button elementor-button-link elementor-size-sm elementor-animation-grow\" href=\"\/sr\/kontakt\/\">\n\t\t\t\t\t\t<span class=\"elementor-button-content-wrapper\">\n\t\t\t\t\t\t\t\t\t<span class=\"elementor-button-text\">Stupi u kontakt s nama<\/span>\n\t\t\t\t\t<\/span>\n\t\t\t\t\t<\/a>\n\t\t\t\t<\/div>\n\t\t\t\t\t\t\t\t<\/div>\n\t\t\t\t<\/div>\n\t\t\t\t<\/div>\n\t\t\t\t\t<\/div>\n\t\t\t\t<\/div>\n\t\t\t\t<\/div>","protected":false},"excerpt":{"rendered":"<p>QOMUNIQ | Language. Culture. Connection. F\u00fcr alle, die im DACH-Raum zuhause sind \u2013 und im Balkan verwurzelt Sprachliche Br\u00fcckenfunktion QOMUNIQ fungiert als kulturelle und sprachliche Br\u00fccke zwischen dem DACH-Raum und dem Balkan. Wir vermitteln nicht nur Sprachkenntnisse, sondern auch tiefes kulturelles Verst\u00e4ndnis f\u00fcr beide Regionen. \u201eSprache ist die Landkarte einer Kultur. Sie zeigt dir, woher [&hellip;]<\/p>","protected":false},"author":1,"featured_media":0,"parent":0,"menu_order":0,"comment_status":"closed","ping_status":"closed","template":"","meta":{"footnotes":""},"class_list":["post-643","page","type-page","status-publish","hentry"],"yoast_head":"<!-- This site is optimized with the Yoast SEO plugin v26.1.1 - https:\/\/yoast.com\/wordpress\/plugins\/seo\/ -->\n<title>Sprachkompetenzkurse f\u00fcr effektive Kommunikation \u2013 QOMUNIQ<\/title>\n<meta name=\"description\" content=\"Steigern Sie Ihre Deutschkenntnisse f\u00fcr den beruflichen Alltag: QOMUNIQs Sprachkompetenzkurse f\u00f6rdern Ihre Kommunikationsf\u00e4higkeit nachhaltig.\" \/>\n<meta name=\"robots\" content=\"index, follow, max-snippet:-1, max-image-preview:large, max-video-preview:-1\" \/>\n<link rel=\"canonical\" href=\"https:\/\/qomuniq.com\/sr\/sprachkompetenz-balkan\/\" \/>\n<meta property=\"og:locale\" content=\"sr_RS\" \/>\n<meta property=\"og:type\" content=\"article\" \/>\n<meta property=\"og:title\" content=\"Sprachkompetenzkurse f\u00fcr effektive Kommunikation \u2013 QOMUNIQ\" \/>\n<meta property=\"og:description\" content=\"Steigern Sie Ihre Deutschkenntnisse f\u00fcr den beruflichen Alltag: QOMUNIQs Sprachkompetenzkurse f\u00f6rdern Ihre Kommunikationsf\u00e4higkeit nachhaltig.\" \/>\n<meta property=\"og:url\" content=\"https:\/\/qomuniq.com\/sr\/sprachkompetenz-balkan\/\" \/>\n<meta property=\"og:site_name\" content=\"QOMUNIQ\" \/>\n<meta property=\"article:publisher\" content=\"https:\/\/www.facebook.com\/profile.php?id=61576168273276\" \/>\n<meta property=\"article:modified_time\" content=\"2025-06-23T06:10:08+00:00\" \/>\n<meta property=\"og:image\" content=\"https:\/\/qomuniq.com\/wp-content\/uploads\/Qomuniq_brueckenfunktion.webp\" \/>\n\t<meta property=\"og:image:width\" content=\"1024\" \/>\n\t<meta property=\"og:image:height\" content=\"1024\" \/>\n\t<meta property=\"og:image:type\" content=\"image\/webp\" \/>\n<meta name=\"twitter:card\" content=\"summary_large_image\" \/>\n<meta name=\"twitter:label1\" content=\"\u041f\u0440\u043e\u0446\u0435\u045a\u0435\u043d\u043e \u0432\u0440\u0435\u043c\u0435 \u0447\u0438\u0442\u0430\u045a\u0430\" \/>\n\t<meta name=\"twitter:data1\" content=\"2 \u043c\u0438\u043d\u0443\u0442\u0430\" \/>\n<script type=\"application\/ld+json\" class=\"yoast-schema-graph\">{\"@context\":\"https:\/\/schema.org\",\"@graph\":[{\"@type\":\"WebPage\",\"@id\":\"https:\/\/qomuniq.com\/sprachkompetenz-balkan\/\",\"url\":\"https:\/\/qomuniq.com\/sprachkompetenz-balkan\/\",\"name\":\"Sprachkompetenzkurse f\u00fcr effektive Kommunikation \u2013 QOMUNIQ\",\"isPartOf\":{\"@id\":\"https:\/\/qomuniq.com\/#website\"},\"primaryImageOfPage\":{\"@id\":\"https:\/\/qomuniq.com\/sprachkompetenz-balkan\/#primaryimage\"},\"image\":{\"@id\":\"https:\/\/qomuniq.com\/sprachkompetenz-balkan\/#primaryimage\"},\"thumbnailUrl\":\"https:\/\/qomuniq.com\/wp-content\/uploads\/Qomuniq_brueckenfunktion.webp\",\"datePublished\":\"2025-06-03T09:47:21+00:00\",\"dateModified\":\"2025-06-23T06:10:08+00:00\",\"description\":\"Steigern Sie Ihre Deutschkenntnisse f\u00fcr den beruflichen Alltag: QOMUNIQs Sprachkompetenzkurse f\u00f6rdern Ihre Kommunikationsf\u00e4higkeit nachhaltig.\",\"breadcrumb\":{\"@id\":\"https:\/\/qomuniq.com\/sprachkompetenz-balkan\/#breadcrumb\"},\"inLanguage\":\"sr-RS\",\"potentialAction\":[{\"@type\":\"ReadAction\",\"target\":[\"https:\/\/qomuniq.com\/sprachkompetenz-balkan\/\"]}]},{\"@type\":\"ImageObject\",\"inLanguage\":\"sr-RS\",\"@id\":\"https:\/\/qomuniq.com\/sprachkompetenz-balkan\/#primaryimage\",\"url\":\"https:\/\/qomuniq.com\/wp-content\/uploads\/Qomuniq_brueckenfunktion.webp\",\"contentUrl\":\"https:\/\/qomuniq.com\/wp-content\/uploads\/Qomuniq_brueckenfunktion.webp\"},{\"@type\":\"BreadcrumbList\",\"@id\":\"https:\/\/qomuniq.com\/sprachkompetenz-balkan\/#breadcrumb\",\"itemListElement\":[{\"@type\":\"ListItem\",\"position\":1,\"name\":\"Startseite\",\"item\":\"https:\/\/qomuniq.com\/\"},{\"@type\":\"ListItem\",\"position\":2,\"name\":\"Sprachkompetenz Balkan-DACH\"}]},{\"@type\":\"WebSite\",\"@id\":\"https:\/\/qomuniq.com\/#website\",\"url\":\"https:\/\/qomuniq.com\/\",\"name\":\"QOMUNIQ\",\"description\":\"Sprache mit Identit\u00e4t, Kultur und Pers\u00f6nlichkeit verbinden\",\"publisher\":{\"@id\":\"https:\/\/qomuniq.com\/#organization\"},\"potentialAction\":[{\"@type\":\"SearchAction\",\"target\":{\"@type\":\"EntryPoint\",\"urlTemplate\":\"https:\/\/qomuniq.com\/?s={search_term_string}\"},\"query-input\":{\"@type\":\"PropertyValueSpecification\",\"valueRequired\":true,\"valueName\":\"search_term_string\"}}],\"inLanguage\":\"sr-RS\"},{\"@type\":\"Organization\",\"@id\":\"https:\/\/qomuniq.com\/#organization\",\"name\":\"QOMUNIQ\",\"url\":\"https:\/\/qomuniq.com\/\",\"logo\":{\"@type\":\"ImageObject\",\"inLanguage\":\"sr-RS\",\"@id\":\"https:\/\/qomuniq.com\/#\/schema\/logo\/image\/\",\"url\":\"https:\/\/qomuniq.com\/wp-content\/uploads\/Qomuniq_logo_schwarz.webp\",\"contentUrl\":\"https:\/\/qomuniq.com\/wp-content\/uploads\/Qomuniq_logo_schwarz.webp\",\"width\":897,\"height\":299,\"caption\":\"QOMUNIQ\"},\"image\":{\"@id\":\"https:\/\/qomuniq.com\/#\/schema\/logo\/image\/\"},\"sameAs\":[\"https:\/\/www.facebook.com\/profile.php?id=61576168273276\",\"https:\/\/www.instagram.com\/qomuniq_\/\"]}]}<\/script>\n<!-- \/ Yoast SEO plugin. -->","yoast_head_json":{"title":"Sprachkompetenzkurse f\u00fcr effektive Kommunikation \u2013 QOMUNIQ","description":"Steigern Sie Ihre Deutschkenntnisse f\u00fcr den beruflichen Alltag: QOMUNIQs Sprachkompetenzkurse f\u00f6rdern Ihre Kommunikationsf\u00e4higkeit nachhaltig.","robots":{"index":"index","follow":"follow","max-snippet":"max-snippet:-1","max-image-preview":"max-image-preview:large","max-video-preview":"max-video-preview:-1"},"canonical":"https:\/\/qomuniq.com\/sr\/sprachkompetenz-balkan\/","og_locale":"sr_RS","og_type":"article","og_title":"Sprachkompetenzkurse f\u00fcr effektive Kommunikation \u2013 QOMUNIQ","og_description":"Steigern Sie Ihre Deutschkenntnisse f\u00fcr den beruflichen Alltag: QOMUNIQs Sprachkompetenzkurse f\u00f6rdern Ihre Kommunikationsf\u00e4higkeit nachhaltig.","og_url":"https:\/\/qomuniq.com\/sr\/sprachkompetenz-balkan\/","og_site_name":"QOMUNIQ","article_publisher":"https:\/\/www.facebook.com\/profile.php?id=61576168273276","article_modified_time":"2025-06-23T06:10:08+00:00","og_image":[{"width":1024,"height":1024,"url":"https:\/\/qomuniq.com\/wp-content\/uploads\/Qomuniq_brueckenfunktion.webp","type":"image\/webp"}],"twitter_card":"summary_large_image","twitter_misc":{"\u041f\u0440\u043e\u0446\u0435\u045a\u0435\u043d\u043e \u0432\u0440\u0435\u043c\u0435 \u0447\u0438\u0442\u0430\u045a\u0430":"2 \u043c\u0438\u043d\u0443\u0442\u0430"},"schema":{"@context":"https:\/\/schema.org","@graph":[{"@type":"WebPage","@id":"https:\/\/qomuniq.com\/sprachkompetenz-balkan\/","url":"https:\/\/qomuniq.com\/sprachkompetenz-balkan\/","name":"Sprachkompetenzkurse f\u00fcr effektive Kommunikation \u2013 QOMUNIQ","isPartOf":{"@id":"https:\/\/qomuniq.com\/#website"},"primaryImageOfPage":{"@id":"https:\/\/qomuniq.com\/sprachkompetenz-balkan\/#primaryimage"},"image":{"@id":"https:\/\/qomuniq.com\/sprachkompetenz-balkan\/#primaryimage"},"thumbnailUrl":"https:\/\/qomuniq.com\/wp-content\/uploads\/Qomuniq_brueckenfunktion.webp","datePublished":"2025-06-03T09:47:21+00:00","dateModified":"2025-06-23T06:10:08+00:00","description":"Steigern Sie Ihre Deutschkenntnisse f\u00fcr den beruflichen Alltag: QOMUNIQs Sprachkompetenzkurse f\u00f6rdern Ihre Kommunikationsf\u00e4higkeit nachhaltig.","breadcrumb":{"@id":"https:\/\/qomuniq.com\/sprachkompetenz-balkan\/#breadcrumb"},"inLanguage":"sr-RS","potentialAction":[{"@type":"ReadAction","target":["https:\/\/qomuniq.com\/sprachkompetenz-balkan\/"]}]},{"@type":"ImageObject","inLanguage":"sr-RS","@id":"https:\/\/qomuniq.com\/sprachkompetenz-balkan\/#primaryimage","url":"https:\/\/qomuniq.com\/wp-content\/uploads\/Qomuniq_brueckenfunktion.webp","contentUrl":"https:\/\/qomuniq.com\/wp-content\/uploads\/Qomuniq_brueckenfunktion.webp"},{"@type":"BreadcrumbList","@id":"https:\/\/qomuniq.com\/sprachkompetenz-balkan\/#breadcrumb","itemListElement":[{"@type":"ListItem","position":1,"name":"Startseite","item":"https:\/\/qomuniq.com\/"},{"@type":"ListItem","position":2,"name":"Sprachkompetenz Balkan-DACH"}]},{"@type":"WebSite","@id":"https:\/\/qomuniq.com\/#website","url":"https:\/\/qomuniq.com\/","name":"QOMUNIQ","description":"Sprache mit Identit\u00e4t, Kultur und Pers\u00f6nlichkeit verbinden","publisher":{"@id":"https:\/\/qomuniq.com\/#organization"},"potentialAction":[{"@type":"SearchAction","target":{"@type":"EntryPoint","urlTemplate":"https:\/\/qomuniq.com\/?s={search_term_string}"},"query-input":{"@type":"PropertyValueSpecification","valueRequired":true,"valueName":"search_term_string"}}],"inLanguage":"sr-RS"},{"@type":"Organization","@id":"https:\/\/qomuniq.com\/#organization","name":"QOMUNIQ","url":"https:\/\/qomuniq.com\/","logo":{"@type":"ImageObject","inLanguage":"sr-RS","@id":"https:\/\/qomuniq.com\/#\/schema\/logo\/image\/","url":"https:\/\/qomuniq.com\/wp-content\/uploads\/Qomuniq_logo_schwarz.webp","contentUrl":"https:\/\/qomuniq.com\/wp-content\/uploads\/Qomuniq_logo_schwarz.webp","width":897,"height":299,"caption":"QOMUNIQ"},"image":{"@id":"https:\/\/qomuniq.com\/#\/schema\/logo\/image\/"},"sameAs":["https:\/\/www.facebook.com\/profile.php?id=61576168273276","https:\/\/www.instagram.com\/qomuniq_\/"]}]}},"_links":{"self":[{"href":"https:\/\/qomuniq.com\/sr\/wp-json\/wp\/v2\/pages\/643","targetHints":{"allow":["GET"]}}],"collection":[{"href":"https:\/\/qomuniq.com\/sr\/wp-json\/wp\/v2\/pages"}],"about":[{"href":"https:\/\/qomuniq.com\/sr\/wp-json\/wp\/v2\/types\/page"}],"author":[{"embeddable":true,"href":"https:\/\/qomuniq.com\/sr\/wp-json\/wp\/v2\/users\/1"}],"replies":[{"embeddable":true,"href":"https:\/\/qomuniq.com\/sr\/wp-json\/wp\/v2\/comments?post=643"}],"version-history":[{"count":10,"href":"https:\/\/qomuniq.com\/sr\/wp-json\/wp\/v2\/pages\/643\/revisions"}],"predecessor-version":[{"id":978,"href":"https:\/\/qomuniq.com\/sr\/wp-json\/wp\/v2\/pages\/643\/revisions\/978"}],"wp:attachment":[{"href":"https:\/\/qomuniq.com\/sr\/wp-json\/wp\/v2\/media?parent=643"}],"curies":[{"name":"wp","href":"https:\/\/api.w.org\/{rel}","templated":true}]}}