{"id":633,"date":"2025-06-03T09:44:14","date_gmt":"2025-06-03T09:44:14","guid":{"rendered":"https:\/\/qomuniq.com\/?page_id=633"},"modified":"2025-06-23T05:59:04","modified_gmt":"2025-06-23T05:59:04","slug":"gruppensetting","status":"publish","type":"page","link":"https:\/\/qomuniq.com\/sr\/gruppensetting\/","title":{"rendered":"Grupni \u010dasovi"},"content":{"rendered":"<div data-elementor-type=\"wp-page\" data-elementor-id=\"633\" class=\"elementor elementor-633\" data-elementor-post-type=\"page\">\n\t\t\t\t<div class=\"elementor-element elementor-element-468e594 e-con-full e-flex e-con e-parent\" data-id=\"468e594\" data-element_type=\"container\" data-settings=\"{&quot;background_background&quot;:&quot;classic&quot;}\">\n\t\t\t\t<div class=\"elementor-element elementor-element-86da332 animated-slow elementor-invisible elementor-widget elementor-widget-heading\" data-id=\"86da332\" data-element_type=\"widget\" data-settings=\"{&quot;_animation&quot;:&quot;fadeIn&quot;}\" data-widget_type=\"heading.default\">\n\t\t\t\t<div class=\"elementor-widget-container\">\n\t\t\t\t\t<h1 class=\"elementor-heading-title elementor-size-default\">U\u010denje zajedno<\/br>tematski &amp;<\/br> inspirisano<\/h1>\t\t\t\t<\/div>\n\t\t\t\t<\/div>\n\t\t\t\t<div class=\"elementor-element elementor-element-cad9ca1 animated-slow elementor-invisible elementor-widget elementor-widget-heading\" data-id=\"cad9ca1\" data-element_type=\"widget\" data-settings=\"{&quot;_animation&quot;:&quot;fadeIn&quot;,&quot;_animation_delay&quot;:500}\" data-widget_type=\"heading.default\">\n\t\t\t\t<div class=\"elementor-widget-container\">\n\t\t\t\t\t<h2 class=\"elementor-heading-title elementor-size-default\">Do\u017eivite u\u010denje jezika u potpuno novom svetlu.<\/h2>\t\t\t\t<\/div>\n\t\t\t\t<\/div>\n\t\t\t\t<\/div>\n\t\t<div class=\"elementor-element elementor-element-b824289 e-flex e-con-boxed elementor-invisible e-con e-parent\" data-id=\"b824289\" data-element_type=\"container\" data-settings=\"{&quot;background_background&quot;:&quot;classic&quot;,&quot;animation&quot;:&quot;fadeInUp&quot;}\">\n\t\t\t\t\t<div class=\"e-con-inner\">\n\t\t<div class=\"elementor-element elementor-element-96ba3da e-con-full e-flex e-con e-child\" data-id=\"96ba3da\" data-element_type=\"container\">\n\t\t\t\t<div class=\"elementor-element elementor-element-8da83d4 elementor-invisible elementor-widget elementor-widget-heading\" data-id=\"8da83d4\" data-element_type=\"widget\" data-settings=\"{&quot;_animation&quot;:&quot;fadeIn&quot;}\" data-widget_type=\"heading.default\">\n\t\t\t\t<div class=\"elementor-widget-container\">\n\t\t\t\t\t<h2 class=\"elementor-heading-title elementor-size-default\">Dostupni <span style=\"color: #009688\">grupni kursevi<\/span><\/h2>\t\t\t\t<\/div>\n\t\t\t\t<\/div>\n\t\t\t\t<div class=\"elementor-element elementor-element-5f5da88 elementor-invisible elementor-widget elementor-widget-heading\" data-id=\"5f5da88\" data-element_type=\"widget\" data-settings=\"{&quot;_animation&quot;:&quot;fadeIn&quot;}\" data-widget_type=\"heading.default\">\n\t\t\t\t<div class=\"elementor-widget-container\">\n\t\t\t\t\t<h2 class=\"elementor-heading-title elementor-size-default\">Upoznajte se s na\u0161im trenutnim ponudama, uklju\u010duju\u0107i <span style=\"color: #009688\">Most izme\u0111u kultura<\/span> ili <span style=\"color: #009688\">Poslovni nema\u010dki \u2014 korak dalje<\/span><\/h2>\t\t\t\t<\/div>\n\t\t\t\t<\/div>\n\t\t\t\t<div class=\"elementor-element elementor-element-cd242d1 elementor-invisible elementor-widget elementor-widget-heading\" data-id=\"cd242d1\" data-element_type=\"widget\" data-settings=\"{&quot;_animation&quot;:&quot;fadeIn&quot;}\" data-widget_type=\"heading.default\">\n\t\t\t\t<div class=\"elementor-widget-container\">\n\t\t\t\t\t<h2 class=\"elementor-heading-title elementor-size-default\">Male grupe za intenzivno u\u010denje i neposrednu komunikaciju.<\/h2>\t\t\t\t<\/div>\n\t\t\t\t<\/div>\n\t\t\t\t<\/div>\n\t\t<div class=\"elementor-element elementor-element-f21b3e4 e-con-full e-flex e-con e-child\" data-id=\"f21b3e4\" data-element_type=\"container\">\n\t\t\t\t<div class=\"elementor-element elementor-element-83d3a46 animated-slow elementor-invisible elementor-widget elementor-widget-image\" data-id=\"83d3a46\" data-element_type=\"widget\" data-settings=\"{&quot;_animation&quot;:&quot;fadeIn&quot;}\" data-widget_type=\"image.default\">\n\t\t\t\t<div class=\"elementor-widget-container\">\n\t\t\t\t\t\t\t\t\t\t\t\t\t\t\t<img fetchpriority=\"high\" decoding=\"async\" width=\"800\" height=\"800\" src=\"https:\/\/qomuniq.com\/wp-content\/uploads\/Qomuniq_Business_Gruppensetting.webp\" class=\"attachment-large size-large wp-image-734\" alt=\"\" srcset=\"https:\/\/qomuniq.com\/wp-content\/uploads\/Qomuniq_Business_Gruppensetting.webp 1024w, https:\/\/qomuniq.com\/wp-content\/uploads\/Qomuniq_Business_Gruppensetting-300x300.webp 300w, https:\/\/qomuniq.com\/wp-content\/uploads\/Qomuniq_Business_Gruppensetting-150x150.webp 150w, https:\/\/qomuniq.com\/wp-content\/uploads\/Qomuniq_Business_Gruppensetting-768x768.webp 768w\" sizes=\"(max-width: 800px) 100vw, 800px\" \/>\t\t\t\t\t\t\t\t\t\t\t\t\t\t\t<\/div>\n\t\t\t\t<\/div>\n\t\t\t\t<\/div>\n\t\t\t\t\t<\/div>\n\t\t\t\t<\/div>\n\t\t<div class=\"elementor-element elementor-element-6f9bc4d e-flex e-con-boxed e-con e-parent\" data-id=\"6f9bc4d\" data-element_type=\"container\" data-settings=\"{&quot;background_background&quot;:&quot;classic&quot;}\">\n\t\t\t\t\t<div class=\"e-con-inner\">\n\t\t\t\t<div class=\"elementor-element elementor-element-c2db454 animated-slow elementor-invisible elementor-widget elementor-widget-heading\" data-id=\"c2db454\" data-element_type=\"widget\" data-settings=\"{&quot;_animation&quot;:&quot;fadeInDown&quot;,&quot;motion_fx_motion_fx_scrolling&quot;:&quot;yes&quot;,&quot;motion_fx_scale_effect&quot;:&quot;yes&quot;,&quot;motion_fx_scale_speed&quot;:{&quot;unit&quot;:&quot;px&quot;,&quot;size&quot;:1,&quot;sizes&quot;:[]},&quot;motion_fx_scale_range&quot;:{&quot;unit&quot;:&quot;%&quot;,&quot;size&quot;:&quot;&quot;,&quot;sizes&quot;:{&quot;start&quot;:20,&quot;end&quot;:85}},&quot;motion_fx_scale_direction&quot;:&quot;out-in&quot;,&quot;motion_fx_devices&quot;:[&quot;desktop&quot;,&quot;laptop&quot;,&quot;tablet&quot;,&quot;mobile&quot;]}\" data-widget_type=\"heading.default\">\n\t\t\t\t<div class=\"elementor-widget-container\">\n\t\t\t\t\t<h2 class=\"elementor-heading-title elementor-size-default\">\u201eGovoriti jo\u0161 jedan jezik zna\u010di posedovati drugu du\u0161u.\u201c<\/h2>\t\t\t\t<\/div>\n\t\t\t\t<\/div>\n\t\t\t\t<div class=\"elementor-element elementor-element-27bd059 animated-slow elementor-invisible elementor-widget elementor-widget-heading\" data-id=\"27bd059\" data-element_type=\"widget\" data-settings=\"{&quot;_animation&quot;:&quot;fadeInRight&quot;,&quot;_animation_delay&quot;:1000}\" data-widget_type=\"heading.default\">\n\t\t\t\t<div class=\"elementor-widget-container\">\n\t\t\t\t\t<h2 class=\"elementor-heading-title elementor-size-default\">\u2013 Karl Veliki<\/h2>\t\t\t\t<\/div>\n\t\t\t\t<\/div>\n\t\t\t\t\t<\/div>\n\t\t\t\t<\/div>\n\t\t<div class=\"elementor-element elementor-element-1700ebb e-flex e-con-boxed elementor-invisible e-con e-parent\" data-id=\"1700ebb\" data-element_type=\"container\" data-settings=\"{&quot;background_background&quot;:&quot;classic&quot;,&quot;animation&quot;:&quot;fadeInUp&quot;}\">\n\t\t\t\t\t<div class=\"e-con-inner\">\n\t\t<div class=\"elementor-element elementor-element-511a3a1 e-con-full e-flex e-con e-child\" data-id=\"511a3a1\" data-element_type=\"container\">\n\t\t\t\t<div class=\"elementor-element elementor-element-2ece0ed animated-slow elementor-invisible elementor-widget elementor-widget-image\" data-id=\"2ece0ed\" data-element_type=\"widget\" data-settings=\"{&quot;_animation&quot;:&quot;fadeIn&quot;}\" data-widget_type=\"image.default\">\n\t\t\t\t<div class=\"elementor-widget-container\">\n\t\t\t\t\t\t\t\t\t\t\t\t\t\t\t<img decoding=\"async\" width=\"800\" height=\"800\" src=\"https:\/\/qomuniq.com\/wp-content\/uploads\/Qomuniq_Thematische_Schwerpunkte.webp\" class=\"attachment-large size-large wp-image-736\" alt=\"\" srcset=\"https:\/\/qomuniq.com\/wp-content\/uploads\/Qomuniq_Thematische_Schwerpunkte.webp 1024w, https:\/\/qomuniq.com\/wp-content\/uploads\/Qomuniq_Thematische_Schwerpunkte-300x300.webp 300w, https:\/\/qomuniq.com\/wp-content\/uploads\/Qomuniq_Thematische_Schwerpunkte-150x150.webp 150w, https:\/\/qomuniq.com\/wp-content\/uploads\/Qomuniq_Thematische_Schwerpunkte-768x768.webp 768w\" sizes=\"(max-width: 800px) 100vw, 800px\" \/>\t\t\t\t\t\t\t\t\t\t\t\t\t\t\t<\/div>\n\t\t\t\t<\/div>\n\t\t\t\t<\/div>\n\t\t<div class=\"elementor-element elementor-element-3314fc9 e-flex e-con-boxed e-con e-child\" data-id=\"3314fc9\" data-element_type=\"container\">\n\t\t\t\t\t<div class=\"e-con-inner\">\n\t\t\t\t<div class=\"elementor-element elementor-element-5bd6428 elementor-invisible elementor-widget elementor-widget-heading\" data-id=\"5bd6428\" data-element_type=\"widget\" data-settings=\"{&quot;_animation&quot;:&quot;fadeIn&quot;}\" data-widget_type=\"heading.default\">\n\t\t\t\t<div class=\"elementor-widget-container\">\n\t\t\t\t\t<h2 class=\"elementor-heading-title elementor-size-default\">Tematski <span style=\"color: #009688\">fokus<\/span><\/h2>\t\t\t\t<\/div>\n\t\t\t\t<\/div>\n\t\t\t\t<div class=\"elementor-element elementor-element-f964132 elementor-invisible elementor-widget elementor-widget-heading\" data-id=\"f964132\" data-element_type=\"widget\" data-settings=\"{&quot;_animation&quot;:&quot;fadeIn&quot;}\" data-widget_type=\"heading.default\">\n\t\t\t\t<div class=\"elementor-widget-container\">\n\t\t\t\t\t<h2 class=\"elementor-heading-title elementor-size-default\">Na\u0161i kursevi prate savremene dru\u0161tvene promene, nove tehnologije i kulturne tokove \u2014 jer verujemo da je u\u010denje jezika vi\u0161e od pravila; to je na\u010din da razumemo svet oko sebe.<\/h2>\t\t\t\t<\/div>\n\t\t\t\t<\/div>\n\t\t\t\t\t<\/div>\n\t\t\t\t<\/div>\n\t\t\t\t\t<\/div>\n\t\t\t\t<\/div>\n\t\t<div class=\"elementor-element elementor-element-0cc79a2 e-flex e-con-boxed elementor-invisible e-con e-parent\" data-id=\"0cc79a2\" data-element_type=\"container\" data-settings=\"{&quot;background_background&quot;:&quot;classic&quot;,&quot;animation&quot;:&quot;fadeInUp&quot;}\">\n\t\t\t\t\t<div class=\"e-con-inner\">\n\t\t<div class=\"elementor-element elementor-element-08ba5ab e-con-full e-flex e-con e-child\" data-id=\"08ba5ab\" data-element_type=\"container\">\n\t\t\t\t<div class=\"elementor-element elementor-element-cf99499 elementor-invisible elementor-widget elementor-widget-heading\" data-id=\"cf99499\" data-element_type=\"widget\" data-settings=\"{&quot;_animation&quot;:&quot;fadeIn&quot;}\" data-widget_type=\"heading.default\">\n\t\t\t\t<div class=\"elementor-widget-container\">\n\t\t\t\t\t<h2 class=\"elementor-heading-title elementor-size-default\">Interkulturna<span style=\"color: #009688\"> razmena<\/span><\/h2>\t\t\t\t<\/div>\n\t\t\t\t<\/div>\n\t\t\t\t<div class=\"elementor-element elementor-element-b6b234e elementor-invisible elementor-widget elementor-widget-heading\" data-id=\"b6b234e\" data-element_type=\"widget\" data-settings=\"{&quot;_animation&quot;:&quot;fadeIn&quot;}\" data-widget_type=\"heading.default\">\n\t\t\t\t<div class=\"elementor-widget-container\">\n\t\t\t\t\t<h2 class=\"elementor-heading-title elementor-size-default\">Zajedni\u010dki dijalog kao osnova u\u010denja \u2013 upoznajte druga\u010dije poglede, razvijajte kriti\u010dko mi\u0161ljenje i gradite razumevanje u interaktivnom okru\u017eenju.<\/h2>\t\t\t\t<\/div>\n\t\t\t\t<\/div>\n\t\t\t\t<\/div>\n\t\t<div class=\"elementor-element elementor-element-c8690f3 e-con-full e-flex e-con e-child\" data-id=\"c8690f3\" data-element_type=\"container\">\n\t\t\t\t<div class=\"elementor-element elementor-element-5fce04e animated-slow elementor-invisible elementor-widget elementor-widget-image\" data-id=\"5fce04e\" data-element_type=\"widget\" data-settings=\"{&quot;_animation&quot;:&quot;fadeIn&quot;}\" data-widget_type=\"image.default\">\n\t\t\t\t<div class=\"elementor-widget-container\">\n\t\t\t\t\t\t\t\t\t\t\t\t\t\t\t<img decoding=\"async\" width=\"800\" height=\"800\" src=\"https:\/\/qomuniq.com\/wp-content\/uploads\/Qomuniq_interkultureller_austausch.webp\" class=\"attachment-large size-large wp-image-735\" alt=\"\" srcset=\"https:\/\/qomuniq.com\/wp-content\/uploads\/Qomuniq_interkultureller_austausch.webp 1024w, https:\/\/qomuniq.com\/wp-content\/uploads\/Qomuniq_interkultureller_austausch-300x300.webp 300w, https:\/\/qomuniq.com\/wp-content\/uploads\/Qomuniq_interkultureller_austausch-150x150.webp 150w, https:\/\/qomuniq.com\/wp-content\/uploads\/Qomuniq_interkultureller_austausch-768x768.webp 768w\" sizes=\"(max-width: 800px) 100vw, 800px\" \/>\t\t\t\t\t\t\t\t\t\t\t\t\t\t\t<\/div>\n\t\t\t\t<\/div>\n\t\t\t\t<\/div>\n\t\t\t\t\t<\/div>\n\t\t\t\t<\/div>\n\t\t<div class=\"elementor-element elementor-element-0d39b3c e-flex e-con-boxed elementor-invisible e-con e-parent\" data-id=\"0d39b3c\" data-element_type=\"container\" data-settings=\"{&quot;background_background&quot;:&quot;classic&quot;,&quot;animation&quot;:&quot;fadeInUp&quot;}\">\n\t\t\t\t\t<div class=\"e-con-inner\">\n\t\t<div class=\"elementor-element elementor-element-2b6e932 e-con-full e-flex e-con e-child\" data-id=\"2b6e932\" data-element_type=\"container\">\n\t\t\t\t<div class=\"elementor-element elementor-element-b9c5ad3 elementor-invisible elementor-widget elementor-widget-heading\" data-id=\"b9c5ad3\" data-element_type=\"widget\" data-settings=\"{&quot;_animation&quot;:&quot;fadeIn&quot;}\" data-widget_type=\"heading.default\">\n\t\t\t\t<div class=\"elementor-widget-container\">\n\t\t\t\t\t<h2 class=\"elementor-heading-title elementor-size-default\">Zaka\u017eite sada <span style=\"color: #009688\">besplatan uvodni razgovor<\/span><\/h2>\t\t\t\t<\/div>\n\t\t\t\t<\/div>\n\t\t\t\t<div class=\"elementor-element elementor-element-9a12321 elementor-invisible elementor-widget elementor-widget-heading\" data-id=\"9a12321\" data-element_type=\"widget\" data-settings=\"{&quot;_animation&quot;:&quot;fadeIn&quot;}\" data-widget_type=\"heading.default\">\n\t\t\t\t<div class=\"elementor-widget-container\">\n\t\t\t\t\t<h2 class=\"elementor-heading-title elementor-size-default\">za grupne \u010dasove<\/h2>\t\t\t\t<\/div>\n\t\t\t\t<\/div>\n\t\t\t\t<div class=\"elementor-element elementor-element-d0f6ebe elementor-align-left elementor-mobile-align-center elementor-widget elementor-widget-button\" data-id=\"d0f6ebe\" data-element_type=\"widget\" data-widget_type=\"button.default\">\n\t\t\t\t<div class=\"elementor-widget-container\">\n\t\t\t\t\t\t\t\t\t<div class=\"elementor-button-wrapper\">\n\t\t\t\t\t<a class=\"elementor-button elementor-button-link elementor-size-sm elementor-animation-grow\" href=\"\/sr\/kontakt\/\">\n\t\t\t\t\t\t<span class=\"elementor-button-content-wrapper\">\n\t\t\t\t\t\t\t\t\t<span class=\"elementor-button-text\">Stupi u kontakt s nama<\/span>\n\t\t\t\t\t<\/span>\n\t\t\t\t\t<\/a>\n\t\t\t\t<\/div>\n\t\t\t\t\t\t\t\t<\/div>\n\t\t\t\t<\/div>\n\t\t\t\t<\/div>\n\t\t\t\t\t<\/div>\n\t\t\t\t<\/div>\n\t\t\t\t<\/div>","protected":false},"excerpt":{"rendered":"<p>Gemeinsam lernenthemenorientiert &amp; inspirierend Erleben Sie Sprachenlernen in einer neuen Dimension Aktuelle Gruppenkurse Entdecken Sie unsere aktuellen Angebote wie &#8222;Kulturelle Br\u00fccken bauen&#8220; oder &#8222;Business Deutsch f\u00fcr Fortgeschrittene&#8220;. Kleine Gruppen garantieren intensive Betreuung und echten Dialog. \u201eEine weitere Sprache zu sprechen, hei\u00dft, eine zweite Seele zu besitzen.\u201c \u2013 Karl der Gro\u00dfe Thematische Schwerpunkte Unsere Kurse orientieren [&hellip;]<\/p>","protected":false},"author":1,"featured_media":0,"parent":0,"menu_order":0,"comment_status":"closed","ping_status":"closed","template":"","meta":{"footnotes":""},"class_list":["post-633","page","type-page","status-publish","hentry"],"yoast_head":"<!-- This site is optimized with the Yoast SEO plugin v26.1.1 - https:\/\/yoast.com\/wordpress\/plugins\/seo\/ -->\n<title>Deutsch lernen im Gruppensetting \u2013 QOMUNIQ<\/title>\n<meta name=\"description\" content=\"Lernen Sie Deutsch in kleinen Gruppen: Interaktives Training f\u00fcr effektive Kommunikation und gemeinsames Lernen mit QOMUNIQ.\" \/>\n<meta name=\"robots\" content=\"index, follow, max-snippet:-1, max-image-preview:large, max-video-preview:-1\" \/>\n<link rel=\"canonical\" href=\"https:\/\/qomuniq.com\/sr\/gruppensetting\/\" \/>\n<meta property=\"og:locale\" content=\"sr_RS\" \/>\n<meta property=\"og:type\" content=\"article\" \/>\n<meta property=\"og:title\" content=\"Deutsch lernen im Gruppensetting \u2013 QOMUNIQ\" \/>\n<meta property=\"og:description\" content=\"Lernen Sie Deutsch in kleinen Gruppen: Interaktives Training f\u00fcr effektive Kommunikation und gemeinsames Lernen mit QOMUNIQ.\" \/>\n<meta property=\"og:url\" content=\"https:\/\/qomuniq.com\/sr\/gruppensetting\/\" \/>\n<meta property=\"og:site_name\" content=\"QOMUNIQ\" \/>\n<meta property=\"article:publisher\" content=\"https:\/\/www.facebook.com\/profile.php?id=61576168273276\" \/>\n<meta property=\"article:modified_time\" content=\"2025-06-23T05:59:04+00:00\" \/>\n<meta property=\"og:image\" content=\"https:\/\/qomuniq.com\/wp-content\/uploads\/Qomuniq_Business_Gruppensetting.webp\" \/>\n\t<meta property=\"og:image:width\" content=\"1024\" \/>\n\t<meta property=\"og:image:height\" content=\"1024\" \/>\n\t<meta property=\"og:image:type\" content=\"image\/webp\" \/>\n<meta name=\"twitter:card\" content=\"summary_large_image\" \/>\n<meta name=\"twitter:label1\" content=\"\u041f\u0440\u043e\u0446\u0435\u045a\u0435\u043d\u043e \u0432\u0440\u0435\u043c\u0435 \u0447\u0438\u0442\u0430\u045a\u0430\" \/>\n\t<meta name=\"twitter:data1\" content=\"2 \u043c\u0438\u043d\u0443\u0442\u0430\" \/>\n<script type=\"application\/ld+json\" class=\"yoast-schema-graph\">{\"@context\":\"https:\/\/schema.org\",\"@graph\":[{\"@type\":\"WebPage\",\"@id\":\"https:\/\/qomuniq.com\/gruppensetting\/\",\"url\":\"https:\/\/qomuniq.com\/gruppensetting\/\",\"name\":\"Deutsch lernen im Gruppensetting \u2013 QOMUNIQ\",\"isPartOf\":{\"@id\":\"https:\/\/qomuniq.com\/#website\"},\"primaryImageOfPage\":{\"@id\":\"https:\/\/qomuniq.com\/gruppensetting\/#primaryimage\"},\"image\":{\"@id\":\"https:\/\/qomuniq.com\/gruppensetting\/#primaryimage\"},\"thumbnailUrl\":\"https:\/\/qomuniq.com\/wp-content\/uploads\/Qomuniq_Business_Gruppensetting.webp\",\"datePublished\":\"2025-06-03T09:44:14+00:00\",\"dateModified\":\"2025-06-23T05:59:04+00:00\",\"description\":\"Lernen Sie Deutsch in kleinen Gruppen: Interaktives Training f\u00fcr effektive Kommunikation und gemeinsames Lernen mit QOMUNIQ.\",\"breadcrumb\":{\"@id\":\"https:\/\/qomuniq.com\/gruppensetting\/#breadcrumb\"},\"inLanguage\":\"sr-RS\",\"potentialAction\":[{\"@type\":\"ReadAction\",\"target\":[\"https:\/\/qomuniq.com\/gruppensetting\/\"]}]},{\"@type\":\"ImageObject\",\"inLanguage\":\"sr-RS\",\"@id\":\"https:\/\/qomuniq.com\/gruppensetting\/#primaryimage\",\"url\":\"https:\/\/qomuniq.com\/wp-content\/uploads\/Qomuniq_Business_Gruppensetting.webp\",\"contentUrl\":\"https:\/\/qomuniq.com\/wp-content\/uploads\/Qomuniq_Business_Gruppensetting.webp\"},{\"@type\":\"BreadcrumbList\",\"@id\":\"https:\/\/qomuniq.com\/gruppensetting\/#breadcrumb\",\"itemListElement\":[{\"@type\":\"ListItem\",\"position\":1,\"name\":\"Startseite\",\"item\":\"https:\/\/qomuniq.com\/\"},{\"@type\":\"ListItem\",\"position\":2,\"name\":\"Gruppensetting\"}]},{\"@type\":\"WebSite\",\"@id\":\"https:\/\/qomuniq.com\/#website\",\"url\":\"https:\/\/qomuniq.com\/\",\"name\":\"QOMUNIQ\",\"description\":\"Sprache mit Identit\u00e4t, Kultur und Pers\u00f6nlichkeit verbinden\",\"publisher\":{\"@id\":\"https:\/\/qomuniq.com\/#organization\"},\"potentialAction\":[{\"@type\":\"SearchAction\",\"target\":{\"@type\":\"EntryPoint\",\"urlTemplate\":\"https:\/\/qomuniq.com\/?s={search_term_string}\"},\"query-input\":{\"@type\":\"PropertyValueSpecification\",\"valueRequired\":true,\"valueName\":\"search_term_string\"}}],\"inLanguage\":\"sr-RS\"},{\"@type\":\"Organization\",\"@id\":\"https:\/\/qomuniq.com\/#organization\",\"name\":\"QOMUNIQ\",\"url\":\"https:\/\/qomuniq.com\/\",\"logo\":{\"@type\":\"ImageObject\",\"inLanguage\":\"sr-RS\",\"@id\":\"https:\/\/qomuniq.com\/#\/schema\/logo\/image\/\",\"url\":\"https:\/\/qomuniq.com\/wp-content\/uploads\/Qomuniq_logo_schwarz.webp\",\"contentUrl\":\"https:\/\/qomuniq.com\/wp-content\/uploads\/Qomuniq_logo_schwarz.webp\",\"width\":897,\"height\":299,\"caption\":\"QOMUNIQ\"},\"image\":{\"@id\":\"https:\/\/qomuniq.com\/#\/schema\/logo\/image\/\"},\"sameAs\":[\"https:\/\/www.facebook.com\/profile.php?id=61576168273276\",\"https:\/\/www.instagram.com\/qomuniq_\/\"]}]}<\/script>\n<!-- \/ Yoast SEO plugin. -->","yoast_head_json":{"title":"Deutsch lernen im Gruppensetting \u2013 QOMUNIQ","description":"Lernen Sie Deutsch in kleinen Gruppen: Interaktives Training f\u00fcr effektive Kommunikation und gemeinsames Lernen mit QOMUNIQ.","robots":{"index":"index","follow":"follow","max-snippet":"max-snippet:-1","max-image-preview":"max-image-preview:large","max-video-preview":"max-video-preview:-1"},"canonical":"https:\/\/qomuniq.com\/sr\/gruppensetting\/","og_locale":"sr_RS","og_type":"article","og_title":"Deutsch lernen im Gruppensetting \u2013 QOMUNIQ","og_description":"Lernen Sie Deutsch in kleinen Gruppen: Interaktives Training f\u00fcr effektive Kommunikation und gemeinsames Lernen mit QOMUNIQ.","og_url":"https:\/\/qomuniq.com\/sr\/gruppensetting\/","og_site_name":"QOMUNIQ","article_publisher":"https:\/\/www.facebook.com\/profile.php?id=61576168273276","article_modified_time":"2025-06-23T05:59:04+00:00","og_image":[{"width":1024,"height":1024,"url":"https:\/\/qomuniq.com\/wp-content\/uploads\/Qomuniq_Business_Gruppensetting.webp","type":"image\/webp"}],"twitter_card":"summary_large_image","twitter_misc":{"\u041f\u0440\u043e\u0446\u0435\u045a\u0435\u043d\u043e \u0432\u0440\u0435\u043c\u0435 \u0447\u0438\u0442\u0430\u045a\u0430":"2 \u043c\u0438\u043d\u0443\u0442\u0430"},"schema":{"@context":"https:\/\/schema.org","@graph":[{"@type":"WebPage","@id":"https:\/\/qomuniq.com\/gruppensetting\/","url":"https:\/\/qomuniq.com\/gruppensetting\/","name":"Deutsch lernen im Gruppensetting \u2013 QOMUNIQ","isPartOf":{"@id":"https:\/\/qomuniq.com\/#website"},"primaryImageOfPage":{"@id":"https:\/\/qomuniq.com\/gruppensetting\/#primaryimage"},"image":{"@id":"https:\/\/qomuniq.com\/gruppensetting\/#primaryimage"},"thumbnailUrl":"https:\/\/qomuniq.com\/wp-content\/uploads\/Qomuniq_Business_Gruppensetting.webp","datePublished":"2025-06-03T09:44:14+00:00","dateModified":"2025-06-23T05:59:04+00:00","description":"Lernen Sie Deutsch in kleinen Gruppen: Interaktives Training f\u00fcr effektive Kommunikation und gemeinsames Lernen mit QOMUNIQ.","breadcrumb":{"@id":"https:\/\/qomuniq.com\/gruppensetting\/#breadcrumb"},"inLanguage":"sr-RS","potentialAction":[{"@type":"ReadAction","target":["https:\/\/qomuniq.com\/gruppensetting\/"]}]},{"@type":"ImageObject","inLanguage":"sr-RS","@id":"https:\/\/qomuniq.com\/gruppensetting\/#primaryimage","url":"https:\/\/qomuniq.com\/wp-content\/uploads\/Qomuniq_Business_Gruppensetting.webp","contentUrl":"https:\/\/qomuniq.com\/wp-content\/uploads\/Qomuniq_Business_Gruppensetting.webp"},{"@type":"BreadcrumbList","@id":"https:\/\/qomuniq.com\/gruppensetting\/#breadcrumb","itemListElement":[{"@type":"ListItem","position":1,"name":"Startseite","item":"https:\/\/qomuniq.com\/"},{"@type":"ListItem","position":2,"name":"Gruppensetting"}]},{"@type":"WebSite","@id":"https:\/\/qomuniq.com\/#website","url":"https:\/\/qomuniq.com\/","name":"QOMUNIQ","description":"Sprache mit Identit\u00e4t, Kultur und Pers\u00f6nlichkeit verbinden","publisher":{"@id":"https:\/\/qomuniq.com\/#organization"},"potentialAction":[{"@type":"SearchAction","target":{"@type":"EntryPoint","urlTemplate":"https:\/\/qomuniq.com\/?s={search_term_string}"},"query-input":{"@type":"PropertyValueSpecification","valueRequired":true,"valueName":"search_term_string"}}],"inLanguage":"sr-RS"},{"@type":"Organization","@id":"https:\/\/qomuniq.com\/#organization","name":"QOMUNIQ","url":"https:\/\/qomuniq.com\/","logo":{"@type":"ImageObject","inLanguage":"sr-RS","@id":"https:\/\/qomuniq.com\/#\/schema\/logo\/image\/","url":"https:\/\/qomuniq.com\/wp-content\/uploads\/Qomuniq_logo_schwarz.webp","contentUrl":"https:\/\/qomuniq.com\/wp-content\/uploads\/Qomuniq_logo_schwarz.webp","width":897,"height":299,"caption":"QOMUNIQ"},"image":{"@id":"https:\/\/qomuniq.com\/#\/schema\/logo\/image\/"},"sameAs":["https:\/\/www.facebook.com\/profile.php?id=61576168273276","https:\/\/www.instagram.com\/qomuniq_\/"]}]}},"_links":{"self":[{"href":"https:\/\/qomuniq.com\/sr\/wp-json\/wp\/v2\/pages\/633","targetHints":{"allow":["GET"]}}],"collection":[{"href":"https:\/\/qomuniq.com\/sr\/wp-json\/wp\/v2\/pages"}],"about":[{"href":"https:\/\/qomuniq.com\/sr\/wp-json\/wp\/v2\/types\/page"}],"author":[{"embeddable":true,"href":"https:\/\/qomuniq.com\/sr\/wp-json\/wp\/v2\/users\/1"}],"replies":[{"embeddable":true,"href":"https:\/\/qomuniq.com\/sr\/wp-json\/wp\/v2\/comments?post=633"}],"version-history":[{"count":10,"href":"https:\/\/qomuniq.com\/sr\/wp-json\/wp\/v2\/pages\/633\/revisions"}],"predecessor-version":[{"id":963,"href":"https:\/\/qomuniq.com\/sr\/wp-json\/wp\/v2\/pages\/633\/revisions\/963"}],"wp:attachment":[{"href":"https:\/\/qomuniq.com\/sr\/wp-json\/wp\/v2\/media?parent=633"}],"curies":[{"name":"wp","href":"https:\/\/api.w.org\/{rel}","templated":true}]}}