{"id":1059,"date":"2025-06-23T07:23:47","date_gmt":"2025-06-23T07:23:47","guid":{"rendered":"https:\/\/qomuniq.com\/?page_id=1059"},"modified":"2025-06-23T07:51:26","modified_gmt":"2025-06-23T07:51:26","slug":"blog","status":"publish","type":"page","link":"https:\/\/qomuniq.com\/sr\/blog\/","title":{"rendered":"Blog"},"content":{"rendered":"<div data-elementor-type=\"wp-page\" data-elementor-id=\"1059\" class=\"elementor elementor-1059\" data-elementor-post-type=\"page\">\n\t\t\t\t<div class=\"elementor-element elementor-element-f4a4531 e-con-full e-flex e-con e-parent\" data-id=\"f4a4531\" data-element_type=\"container\" data-settings=\"{&quot;background_background&quot;:&quot;classic&quot;}\">\n\t\t\t\t<div class=\"elementor-element elementor-element-7dbc43b animated-slow elementor-invisible elementor-widget elementor-widget-heading\" data-id=\"7dbc43b\" data-element_type=\"widget\" data-settings=\"{&quot;_animation&quot;:&quot;fadeIn&quot;}\" data-widget_type=\"heading.default\">\n\t\t\t\t<div class=\"elementor-widget-container\">\n\t\t\t\t\t<h1 class=\"elementor-heading-title elementor-size-default\">BLOGS<\/h1>\t\t\t\t<\/div>\n\t\t\t\t<\/div>\n\t\t\t\t<div class=\"elementor-element elementor-element-641a8da animated-slow elementor-invisible elementor-widget elementor-widget-heading\" data-id=\"641a8da\" data-element_type=\"widget\" data-settings=\"{&quot;_animation&quot;:&quot;fadeIn&quot;,&quot;_animation_delay&quot;:500}\" data-widget_type=\"heading.default\">\n\t\t\t\t<div class=\"elementor-widget-container\">\n\t\t\t\t\t<h2 class=\"elementor-heading-title elementor-size-default\">RUND UM DAS THEMA SPRACHTRAINING<\/h2>\t\t\t\t<\/div>\n\t\t\t\t<\/div>\n\t\t\t\t<\/div>\n\t\t<div class=\"elementor-element elementor-element-cefeadd e-flex e-con-boxed elementor-invisible e-con e-parent\" data-id=\"cefeadd\" data-element_type=\"container\" data-settings=\"{&quot;background_background&quot;:&quot;classic&quot;,&quot;animation&quot;:&quot;fadeInUp&quot;}\">\n\t\t\t\t\t<div class=\"e-con-inner\">\n\t\t\t\t<div class=\"elementor-element elementor-element-42fdc76 elementor-widget elementor-widget-rkit-pos-block\" data-id=\"42fdc76\" data-element_type=\"widget\" data-widget_type=\"rkit-pos-block.default\">\n\t\t\t\t<div class=\"elementor-widget-container\">\n\t\t\t\t\t        <div class=\"rkit-post-block\">\r\n                            <div class=\"rkit-post-block-card  elementor-animation-\">\r\n                                            <div class=\"rkit-image-container\">\r\n                                                        <a class=\"rkit-image-link\" style=\"overflow: hidden;\" href=\"https:\/\/qomuniq.com\/sr\/kuenstliche-intelligenz-revolution-der-sprache-oder-das-ende-echter-kommunikation\/\">\r\n                                <img fetchpriority=\"high\" decoding=\"async\" width=\"768\" height=\"512\" src=\"https:\/\/qomuniq.com\/wp-content\/uploads\/KI_Sprache_oder_Ende_Kommunikation-768x512.webp\" class=\"rkit-post-block-img wp-post-image\" alt=\"\" srcset=\"https:\/\/qomuniq.com\/wp-content\/uploads\/KI_Sprache_oder_Ende_Kommunikation-768x512.webp 768w, https:\/\/qomuniq.com\/wp-content\/uploads\/KI_Sprache_oder_Ende_Kommunikation-300x200.webp 300w, https:\/\/qomuniq.com\/wp-content\/uploads\/KI_Sprache_oder_Ende_Kommunikation-18x12.webp 18w, https:\/\/qomuniq.com\/wp-content\/uploads\/KI_Sprache_oder_Ende_Kommunikation.webp 1000w\" sizes=\"(max-width: 768px) 100vw, 768px\" \/>                            <\/a>\r\n                                                    <\/div>\r\n                                        <div class=\"rkit-post-block-body\">\r\n                                                                            <div class=\"rkit-post-block-title-container\">\r\n                                <a class=\"rkit-post-block-title\" href=\"https:\/\/qomuniq.com\/sr\/kuenstliche-intelligenz-revolution-der-sprache-oder-das-ende-echter-kommunikation\/\">K\u00fcnstliche Intelligenz: Revolution der Sprache oder das Ende echter Kommunikation?<\/a>\r\n                            <\/div>\r\n                                                                                                    <div class=\"rkit-post-block-content\">\r\n                                <p class=\"rkit-post-block-paragraph\">K\u00fcnstliche Intelligenz ist l\u00e4ngst keine Zukunftsvision mehr \u2013 sie ist Realit\u00e4t. Sie schreibt Texte, \u00fcbersetzt in Echtzeit, simuliert Gespr\u00e4che. Chatbots, Sprachassistenten und KI-gest\u00fctzte Tools ver\u00e4ndern&hellip;                                <\/p>\r\n                            <\/div>\r\n                                                                                                    <div class=\"rkit-readmore-div\">\r\n                                <a class=\"rkit-readmore-btn\" type=\"button\" href=\"https:\/\/qomuniq.com\/sr\/kuenstliche-intelligenz-revolution-der-sprache-oder-das-ende-echter-kommunikation\/\">\r\n                                                                        Weiterlesen                                    <i aria-hidden=\"true\" class=\"rkit-icon-readmore rtmicon rtmicon-arrow-right\"><\/i>                                <\/a>\r\n                            <\/div>\r\n                                            <\/div>\r\n                <\/div>\r\n                <div class=\"rkit-post-block-card  elementor-animation-\">\r\n                                            <div class=\"rkit-image-container\">\r\n                                                        <a class=\"rkit-image-link\" style=\"overflow: hidden;\" href=\"https:\/\/qomuniq.com\/sr\/nudging-wie-kleine-impulse-dein-sprachenlernen-revolutionieren-koennen\/\">\r\n                                <img decoding=\"async\" width=\"768\" height=\"512\" src=\"https:\/\/qomuniq.com\/wp-content\/uploads\/Nudging_Gespraechsszene-768x512.webp\" class=\"rkit-post-block-img wp-post-image\" alt=\"\" srcset=\"https:\/\/qomuniq.com\/wp-content\/uploads\/Nudging_Gespraechsszene-768x512.webp 768w, https:\/\/qomuniq.com\/wp-content\/uploads\/Nudging_Gespraechsszene-300x200.webp 300w, https:\/\/qomuniq.com\/wp-content\/uploads\/Nudging_Gespraechsszene-18x12.webp 18w, https:\/\/qomuniq.com\/wp-content\/uploads\/Nudging_Gespraechsszene.webp 1000w\" sizes=\"(max-width: 768px) 100vw, 768px\" \/>                            <\/a>\r\n                                                    <\/div>\r\n                                        <div class=\"rkit-post-block-body\">\r\n                                                                            <div class=\"rkit-post-block-title-container\">\r\n                                <a class=\"rkit-post-block-title\" href=\"https:\/\/qomuniq.com\/sr\/nudging-wie-kleine-impulse-dein-sprachenlernen-revolutionieren-koennen\/\">Nudging: Wie kleine Impulse dein Sprachenlernen revolutionieren k\u00f6nnen<\/a>\r\n                            <\/div>\r\n                                                                                                    <div class=\"rkit-post-block-content\">\r\n                                <p class=\"rkit-post-block-paragraph\">Hast du dich jemals gefragt, warum du manchmal hochmotiviert bist, eine neue Sprache zu lernen, und an anderen Tagen das Lehrbuch lieber im Regal stehen&hellip;                                <\/p>\r\n                            <\/div>\r\n                                                                                                    <div class=\"rkit-readmore-div\">\r\n                                <a class=\"rkit-readmore-btn\" type=\"button\" href=\"https:\/\/qomuniq.com\/sr\/nudging-wie-kleine-impulse-dein-sprachenlernen-revolutionieren-koennen\/\">\r\n                                                                        Weiterlesen                                    <i aria-hidden=\"true\" class=\"rkit-icon-readmore rtmicon rtmicon-arrow-right\"><\/i>                                <\/a>\r\n                            <\/div>\r\n                                            <\/div>\r\n                <\/div>\r\n                <div class=\"rkit-post-block-card  elementor-animation-\">\r\n                                            <div class=\"rkit-image-container\">\r\n                                                        <a class=\"rkit-image-link\" style=\"overflow: hidden;\" href=\"https:\/\/qomuniq.com\/sr\/von-churchill-bis-musk-warum-die-maechtigsten-der-welt-sprachcoaching-nutzen\/\">\r\n                                <img decoding=\"async\" width=\"768\" height=\"512\" src=\"https:\/\/qomuniq.com\/wp-content\/uploads\/Churchill_Musk-768x512.webp\" class=\"rkit-post-block-img wp-post-image\" alt=\"\" srcset=\"https:\/\/qomuniq.com\/wp-content\/uploads\/Churchill_Musk-768x512.webp 768w, https:\/\/qomuniq.com\/wp-content\/uploads\/Churchill_Musk-300x200.webp 300w, https:\/\/qomuniq.com\/wp-content\/uploads\/Churchill_Musk-18x12.webp 18w, https:\/\/qomuniq.com\/wp-content\/uploads\/Churchill_Musk.webp 1000w\" sizes=\"(max-width: 768px) 100vw, 768px\" \/>                            <\/a>\r\n                                                    <\/div>\r\n                                        <div class=\"rkit-post-block-body\">\r\n                                                                            <div class=\"rkit-post-block-title-container\">\r\n                                <a class=\"rkit-post-block-title\" href=\"https:\/\/qomuniq.com\/sr\/von-churchill-bis-musk-warum-die-maechtigsten-der-welt-sprachcoaching-nutzen\/\">Von Churchill bis Musk: Warum die M\u00e4chtigsten der Welt Sprachcoaching nutzen<\/a>\r\n                            <\/div>\r\n                                                                                                    <div class=\"rkit-post-block-content\">\r\n                                <p class=\"rkit-post-block-paragraph\">Sprache als Schl\u00fcssel zum Erfolg Winston Churchill, einer der gr\u00f6\u00dften Redner der Geschichte, verstand es meisterhaft, Sprache als Werkzeug einzusetzen. Seine legend\u00e4ren Reden mobilisierten eine&hellip;                                <\/p>\r\n                            <\/div>\r\n                                                                                                    <div class=\"rkit-readmore-div\">\r\n                                <a class=\"rkit-readmore-btn\" type=\"button\" href=\"https:\/\/qomuniq.com\/sr\/von-churchill-bis-musk-warum-die-maechtigsten-der-welt-sprachcoaching-nutzen\/\">\r\n                                                                        Weiterlesen                                    <i aria-hidden=\"true\" class=\"rkit-icon-readmore rtmicon rtmicon-arrow-right\"><\/i>                                <\/a>\r\n                            <\/div>\r\n                                            <\/div>\r\n                <\/div>\r\n        <\/div>\r\n        \t\t\t\t<\/div>\n\t\t\t\t<\/div>\n\t\t\t\t\t<\/div>\n\t\t\t\t<\/div>\n\t\t<div class=\"elementor-element elementor-element-657fd7c e-flex e-con-boxed elementor-invisible e-con e-parent\" data-id=\"657fd7c\" data-element_type=\"container\" data-settings=\"{&quot;background_background&quot;:&quot;classic&quot;,&quot;animation&quot;:&quot;fadeInUp&quot;}\">\n\t\t\t\t\t<div class=\"e-con-inner\">\n\t\t<div class=\"elementor-element elementor-element-fdfa6da e-con-full e-flex e-con e-child\" data-id=\"fdfa6da\" data-element_type=\"container\">\n\t\t\t\t<div class=\"elementor-element elementor-element-e5118ef elementor-invisible elementor-widget elementor-widget-heading\" data-id=\"e5118ef\" data-element_type=\"widget\" data-settings=\"{&quot;_animation&quot;:&quot;fadeIn&quot;}\" data-widget_type=\"heading.default\">\n\t\t\t\t<div class=\"elementor-widget-container\">\n\t\t\t\t\t<h2 class=\"elementor-heading-title elementor-size-default\">Zaka\u017eite sada <span style=\"color: #009688\">besplatan uvodni razgovor<\/span><\/h2>\t\t\t\t<\/div>\n\t\t\t\t<\/div>\n\t\t\t\t<div class=\"elementor-element elementor-element-1959260 elementor-invisible elementor-widget elementor-widget-heading\" data-id=\"1959260\" data-element_type=\"widget\" data-settings=\"{&quot;_animation&quot;:&quot;fadeIn&quot;}\" data-widget_type=\"heading.default\">\n\t\t\t\t<div class=\"elementor-widget-container\">\n\t\t\t\t\t<h2 class=\"elementor-heading-title elementor-size-default\">za individualne \u010dasove (1:1)\u201c<\/h2>\t\t\t\t<\/div>\n\t\t\t\t<\/div>\n\t\t\t\t<div class=\"elementor-element elementor-element-47f9757 elementor-align-left elementor-mobile-align-center elementor-widget elementor-widget-button\" data-id=\"47f9757\" data-element_type=\"widget\" data-widget_type=\"button.default\">\n\t\t\t\t<div class=\"elementor-widget-container\">\n\t\t\t\t\t\t\t\t\t<div class=\"elementor-button-wrapper\">\n\t\t\t\t\t<a class=\"elementor-button elementor-button-link elementor-size-sm elementor-animation-grow\" href=\"\/sr\/kontakt\/\">\n\t\t\t\t\t\t<span class=\"elementor-button-content-wrapper\">\n\t\t\t\t\t\t\t\t\t<span class=\"elementor-button-text\">Stupi u kontakt s nama<\/span>\n\t\t\t\t\t<\/span>\n\t\t\t\t\t<\/a>\n\t\t\t\t<\/div>\n\t\t\t\t\t\t\t\t<\/div>\n\t\t\t\t<\/div>\n\t\t\t\t<\/div>\n\t\t\t\t\t<\/div>\n\t\t\t\t<\/div>\n\t\t\t\t<\/div>","protected":false},"excerpt":{"rendered":"<p>BLOGS RUND UM DAS THEMA SPRACHTRAINING K\u00fcnstliche Intelligenz: Revolution der Sprache oder das Ende echter Kommunikation? K\u00fcnstliche Intelligenz ist l\u00e4ngst keine Zukunftsvision mehr \u2013 sie ist Realit\u00e4t. Sie schreibt Texte, \u00fcbersetzt in Echtzeit, simuliert Gespr\u00e4che. Chatbots, Sprachassistenten und KI-gest\u00fctzte Tools ver\u00e4ndern&hellip; Weiterlesen Nudging: Wie kleine Impulse dein Sprachenlernen revolutionieren k\u00f6nnen Hast du dich jemals gefragt, [&hellip;]<\/p>","protected":false},"author":1,"featured_media":0,"parent":0,"menu_order":0,"comment_status":"closed","ping_status":"closed","template":"","meta":{"footnotes":""},"class_list":["post-1059","page","type-page","status-publish","hentry"],"yoast_head":"<!-- This site is optimized with the Yoast SEO plugin v26.1.1 - https:\/\/yoast.com\/wordpress\/plugins\/seo\/ -->\n<title>Individuelles Deutsch-Einzeltraining \u2013 QOMUNIQ<\/title>\n<meta name=\"description\" content=\"Pers\u00f6nliches Deutschtraining, abgestimmt auf Ihre Bed\u00fcrfnisse: Verbessern Sie Ihre Sprachkenntnisse effizient mit QOMUNIQs Einzeltraining.\" \/>\n<meta name=\"robots\" content=\"index, follow, max-snippet:-1, max-image-preview:large, max-video-preview:-1\" \/>\n<link rel=\"canonical\" href=\"https:\/\/qomuniq.com\/sr\/blog\/\" \/>\n<meta property=\"og:locale\" content=\"sr_RS\" \/>\n<meta property=\"og:type\" content=\"article\" \/>\n<meta property=\"og:title\" content=\"Individuelles Deutsch-Einzeltraining \u2013 QOMUNIQ\" \/>\n<meta property=\"og:description\" content=\"Pers\u00f6nliches Deutschtraining, abgestimmt auf Ihre Bed\u00fcrfnisse: Verbessern Sie Ihre Sprachkenntnisse effizient mit QOMUNIQs Einzeltraining.\" \/>\n<meta property=\"og:url\" content=\"https:\/\/qomuniq.com\/sr\/blog\/\" \/>\n<meta property=\"og:site_name\" content=\"QOMUNIQ\" \/>\n<meta property=\"article:publisher\" content=\"https:\/\/www.facebook.com\/profile.php?id=61576168273276\" \/>\n<meta property=\"article:modified_time\" content=\"2025-06-23T07:51:26+00:00\" \/>\n<meta property=\"og:image\" content=\"https:\/\/qomuniq.com\/wp-content\/uploads\/KI_Sprache_oder_Ende_Kommunikation-768x512.webp\" \/>\n<meta name=\"twitter:card\" content=\"summary_large_image\" \/>\n<meta name=\"twitter:label1\" content=\"\u041f\u0440\u043e\u0446\u0435\u045a\u0435\u043d\u043e \u0432\u0440\u0435\u043c\u0435 \u0447\u0438\u0442\u0430\u045a\u0430\" \/>\n\t<meta name=\"twitter:data1\" content=\"1 \u043c\u0438\u043d\u0443\u0442\" \/>\n<script type=\"application\/ld+json\" class=\"yoast-schema-graph\">{\"@context\":\"https:\/\/schema.org\",\"@graph\":[{\"@type\":\"WebPage\",\"@id\":\"https:\/\/qomuniq.com\/blog\/\",\"url\":\"https:\/\/qomuniq.com\/blog\/\",\"name\":\"Individuelles Deutsch-Einzeltraining \u2013 QOMUNIQ\",\"isPartOf\":{\"@id\":\"https:\/\/qomuniq.com\/#website\"},\"primaryImageOfPage\":{\"@id\":\"https:\/\/qomuniq.com\/blog\/#primaryimage\"},\"image\":{\"@id\":\"https:\/\/qomuniq.com\/blog\/#primaryimage\"},\"thumbnailUrl\":\"https:\/\/qomuniq.com\/wp-content\/uploads\/KI_Sprache_oder_Ende_Kommunikation-768x512.webp\",\"datePublished\":\"2025-06-23T07:23:47+00:00\",\"dateModified\":\"2025-06-23T07:51:26+00:00\",\"description\":\"Pers\u00f6nliches Deutschtraining, abgestimmt auf Ihre Bed\u00fcrfnisse: Verbessern Sie Ihre Sprachkenntnisse effizient mit QOMUNIQs Einzeltraining.\",\"breadcrumb\":{\"@id\":\"https:\/\/qomuniq.com\/blog\/#breadcrumb\"},\"inLanguage\":\"sr-RS\",\"potentialAction\":[{\"@type\":\"ReadAction\",\"target\":[\"https:\/\/qomuniq.com\/blog\/\"]}]},{\"@type\":\"ImageObject\",\"inLanguage\":\"sr-RS\",\"@id\":\"https:\/\/qomuniq.com\/blog\/#primaryimage\",\"url\":\"https:\/\/qomuniq.com\/wp-content\/uploads\/KI_Sprache_oder_Ende_Kommunikation-768x512.webp\",\"contentUrl\":\"https:\/\/qomuniq.com\/wp-content\/uploads\/KI_Sprache_oder_Ende_Kommunikation-768x512.webp\"},{\"@type\":\"BreadcrumbList\",\"@id\":\"https:\/\/qomuniq.com\/blog\/#breadcrumb\",\"itemListElement\":[{\"@type\":\"ListItem\",\"position\":1,\"name\":\"Startseite\",\"item\":\"https:\/\/qomuniq.com\/\"},{\"@type\":\"ListItem\",\"position\":2,\"name\":\"Blog\"}]},{\"@type\":\"WebSite\",\"@id\":\"https:\/\/qomuniq.com\/#website\",\"url\":\"https:\/\/qomuniq.com\/\",\"name\":\"QOMUNIQ\",\"description\":\"Sprache mit Identit\u00e4t, Kultur und Pers\u00f6nlichkeit verbinden\",\"publisher\":{\"@id\":\"https:\/\/qomuniq.com\/#organization\"},\"potentialAction\":[{\"@type\":\"SearchAction\",\"target\":{\"@type\":\"EntryPoint\",\"urlTemplate\":\"https:\/\/qomuniq.com\/?s={search_term_string}\"},\"query-input\":{\"@type\":\"PropertyValueSpecification\",\"valueRequired\":true,\"valueName\":\"search_term_string\"}}],\"inLanguage\":\"sr-RS\"},{\"@type\":\"Organization\",\"@id\":\"https:\/\/qomuniq.com\/#organization\",\"name\":\"QOMUNIQ\",\"url\":\"https:\/\/qomuniq.com\/\",\"logo\":{\"@type\":\"ImageObject\",\"inLanguage\":\"sr-RS\",\"@id\":\"https:\/\/qomuniq.com\/#\/schema\/logo\/image\/\",\"url\":\"https:\/\/qomuniq.com\/wp-content\/uploads\/Qomuniq_logo_schwarz.webp\",\"contentUrl\":\"https:\/\/qomuniq.com\/wp-content\/uploads\/Qomuniq_logo_schwarz.webp\",\"width\":897,\"height\":299,\"caption\":\"QOMUNIQ\"},\"image\":{\"@id\":\"https:\/\/qomuniq.com\/#\/schema\/logo\/image\/\"},\"sameAs\":[\"https:\/\/www.facebook.com\/profile.php?id=61576168273276\",\"https:\/\/www.instagram.com\/qomuniq_\/\"]}]}<\/script>\n<!-- \/ Yoast SEO plugin. -->","yoast_head_json":{"title":"Individuelles Deutsch-Einzeltraining \u2013 QOMUNIQ","description":"Pers\u00f6nliches Deutschtraining, abgestimmt auf Ihre Bed\u00fcrfnisse: Verbessern Sie Ihre Sprachkenntnisse effizient mit QOMUNIQs Einzeltraining.","robots":{"index":"index","follow":"follow","max-snippet":"max-snippet:-1","max-image-preview":"max-image-preview:large","max-video-preview":"max-video-preview:-1"},"canonical":"https:\/\/qomuniq.com\/sr\/blog\/","og_locale":"sr_RS","og_type":"article","og_title":"Individuelles Deutsch-Einzeltraining \u2013 QOMUNIQ","og_description":"Pers\u00f6nliches Deutschtraining, abgestimmt auf Ihre Bed\u00fcrfnisse: Verbessern Sie Ihre Sprachkenntnisse effizient mit QOMUNIQs Einzeltraining.","og_url":"https:\/\/qomuniq.com\/sr\/blog\/","og_site_name":"QOMUNIQ","article_publisher":"https:\/\/www.facebook.com\/profile.php?id=61576168273276","article_modified_time":"2025-06-23T07:51:26+00:00","og_image":[{"url":"https:\/\/qomuniq.com\/wp-content\/uploads\/KI_Sprache_oder_Ende_Kommunikation-768x512.webp","type":"","width":"","height":""}],"twitter_card":"summary_large_image","twitter_misc":{"\u041f\u0440\u043e\u0446\u0435\u045a\u0435\u043d\u043e \u0432\u0440\u0435\u043c\u0435 \u0447\u0438\u0442\u0430\u045a\u0430":"1 \u043c\u0438\u043d\u0443\u0442"},"schema":{"@context":"https:\/\/schema.org","@graph":[{"@type":"WebPage","@id":"https:\/\/qomuniq.com\/blog\/","url":"https:\/\/qomuniq.com\/blog\/","name":"Individuelles Deutsch-Einzeltraining \u2013 QOMUNIQ","isPartOf":{"@id":"https:\/\/qomuniq.com\/#website"},"primaryImageOfPage":{"@id":"https:\/\/qomuniq.com\/blog\/#primaryimage"},"image":{"@id":"https:\/\/qomuniq.com\/blog\/#primaryimage"},"thumbnailUrl":"https:\/\/qomuniq.com\/wp-content\/uploads\/KI_Sprache_oder_Ende_Kommunikation-768x512.webp","datePublished":"2025-06-23T07:23:47+00:00","dateModified":"2025-06-23T07:51:26+00:00","description":"Pers\u00f6nliches Deutschtraining, abgestimmt auf Ihre Bed\u00fcrfnisse: Verbessern Sie Ihre Sprachkenntnisse effizient mit QOMUNIQs Einzeltraining.","breadcrumb":{"@id":"https:\/\/qomuniq.com\/blog\/#breadcrumb"},"inLanguage":"sr-RS","potentialAction":[{"@type":"ReadAction","target":["https:\/\/qomuniq.com\/blog\/"]}]},{"@type":"ImageObject","inLanguage":"sr-RS","@id":"https:\/\/qomuniq.com\/blog\/#primaryimage","url":"https:\/\/qomuniq.com\/wp-content\/uploads\/KI_Sprache_oder_Ende_Kommunikation-768x512.webp","contentUrl":"https:\/\/qomuniq.com\/wp-content\/uploads\/KI_Sprache_oder_Ende_Kommunikation-768x512.webp"},{"@type":"BreadcrumbList","@id":"https:\/\/qomuniq.com\/blog\/#breadcrumb","itemListElement":[{"@type":"ListItem","position":1,"name":"Startseite","item":"https:\/\/qomuniq.com\/"},{"@type":"ListItem","position":2,"name":"Blog"}]},{"@type":"WebSite","@id":"https:\/\/qomuniq.com\/#website","url":"https:\/\/qomuniq.com\/","name":"QOMUNIQ","description":"Sprache mit Identit\u00e4t, Kultur und Pers\u00f6nlichkeit verbinden","publisher":{"@id":"https:\/\/qomuniq.com\/#organization"},"potentialAction":[{"@type":"SearchAction","target":{"@type":"EntryPoint","urlTemplate":"https:\/\/qomuniq.com\/?s={search_term_string}"},"query-input":{"@type":"PropertyValueSpecification","valueRequired":true,"valueName":"search_term_string"}}],"inLanguage":"sr-RS"},{"@type":"Organization","@id":"https:\/\/qomuniq.com\/#organization","name":"QOMUNIQ","url":"https:\/\/qomuniq.com\/","logo":{"@type":"ImageObject","inLanguage":"sr-RS","@id":"https:\/\/qomuniq.com\/#\/schema\/logo\/image\/","url":"https:\/\/qomuniq.com\/wp-content\/uploads\/Qomuniq_logo_schwarz.webp","contentUrl":"https:\/\/qomuniq.com\/wp-content\/uploads\/Qomuniq_logo_schwarz.webp","width":897,"height":299,"caption":"QOMUNIQ"},"image":{"@id":"https:\/\/qomuniq.com\/#\/schema\/logo\/image\/"},"sameAs":["https:\/\/www.facebook.com\/profile.php?id=61576168273276","https:\/\/www.instagram.com\/qomuniq_\/"]}]}},"_links":{"self":[{"href":"https:\/\/qomuniq.com\/sr\/wp-json\/wp\/v2\/pages\/1059","targetHints":{"allow":["GET"]}}],"collection":[{"href":"https:\/\/qomuniq.com\/sr\/wp-json\/wp\/v2\/pages"}],"about":[{"href":"https:\/\/qomuniq.com\/sr\/wp-json\/wp\/v2\/types\/page"}],"author":[{"embeddable":true,"href":"https:\/\/qomuniq.com\/sr\/wp-json\/wp\/v2\/users\/1"}],"replies":[{"embeddable":true,"href":"https:\/\/qomuniq.com\/sr\/wp-json\/wp\/v2\/comments?post=1059"}],"version-history":[{"count":10,"href":"https:\/\/qomuniq.com\/sr\/wp-json\/wp\/v2\/pages\/1059\/revisions"}],"predecessor-version":[{"id":1079,"href":"https:\/\/qomuniq.com\/sr\/wp-json\/wp\/v2\/pages\/1059\/revisions\/1079"}],"wp:attachment":[{"href":"https:\/\/qomuniq.com\/sr\/wp-json\/wp\/v2\/media?parent=1059"}],"curies":[{"name":"wp","href":"https:\/\/api.w.org\/{rel}","templated":true}]}}