{"id":645,"date":"2025-06-03T09:49:04","date_gmt":"2025-06-03T09:49:04","guid":{"rendered":"https:\/\/qomuniq.com\/?page_id=645"},"modified":"2025-06-23T07:05:43","modified_gmt":"2025-06-23T07:05:43","slug":"impressum","status":"publish","type":"page","link":"https:\/\/qomuniq.com\/en\/impressum\/","title":{"rendered":"Impressum"},"content":{"rendered":"<div data-elementor-type=\"wp-page\" data-elementor-id=\"645\" class=\"elementor elementor-645\" data-elementor-post-type=\"page\">\n\t\t\t\t<div class=\"elementor-element elementor-element-918bfca e-flex e-con-boxed elementor-invisible e-con e-parent\" data-id=\"918bfca\" data-element_type=\"container\" data-settings=\"{&quot;background_background&quot;:&quot;classic&quot;,&quot;animation&quot;:&quot;fadeInUp&quot;}\">\n\t\t\t\t\t<div class=\"e-con-inner\">\n\t\t<div class=\"elementor-element elementor-element-48d516f e-con-full e-flex e-con e-child\" data-id=\"48d516f\" data-element_type=\"container\">\n\t\t\t\t<div class=\"elementor-element elementor-element-4000193 elementor-invisible elementor-widget elementor-widget-heading\" data-id=\"4000193\" data-element_type=\"widget\" data-settings=\"{&quot;_animation&quot;:&quot;fadeIn&quot;}\" data-widget_type=\"heading.default\">\n\t\t\t\t<div class=\"elementor-widget-container\">\n\t\t\t\t\t<h2 class=\"elementor-heading-title elementor-size-default\">IMPRESSUM<\/h2>\t\t\t\t<\/div>\n\t\t\t\t<\/div>\n\t\t\t\t<div class=\"elementor-element elementor-element-2950a9e elementor-widget elementor-widget-image\" data-id=\"2950a9e\" data-element_type=\"widget\" data-widget_type=\"image.default\">\n\t\t\t\t<div class=\"elementor-widget-container\">\n\t\t\t\t\t\t\t\t\t\t\t\t\t\t\t<img fetchpriority=\"high\" decoding=\"async\" width=\"800\" height=\"267\" src=\"https:\/\/qomuniq.com\/wp-content\/uploads\/Qomuniq_logo_weiss.webp\" class=\"attachment-large size-large wp-image-18\" alt=\"\" srcset=\"https:\/\/qomuniq.com\/wp-content\/uploads\/Qomuniq_logo_weiss.webp 897w, https:\/\/qomuniq.com\/wp-content\/uploads\/Qomuniq_logo_weiss-300x100.webp 300w, https:\/\/qomuniq.com\/wp-content\/uploads\/Qomuniq_logo_weiss-768x256.webp 768w\" sizes=\"(max-width: 800px) 100vw, 800px\" \/>\t\t\t\t\t\t\t\t\t\t\t\t\t\t\t<\/div>\n\t\t\t\t<\/div>\n\t\t\t\t<div class=\"elementor-element elementor-element-4facc68 elementor-invisible elementor-widget elementor-widget-heading\" data-id=\"4facc68\" data-element_type=\"widget\" data-settings=\"{&quot;_animation&quot;:&quot;fadeIn&quot;}\" data-widget_type=\"heading.default\">\n\t\t\t\t<div class=\"elementor-widget-container\">\n\t\t\t\t\t<h2 class=\"elementor-heading-title elementor-size-default\"> Informationspflicht laut \u00a75 E-Commerce Gesetz, \u00a714 Unternehmensgesetzbuch, \u00a763 Gewerbeordnung und Offenlegungspflicht laut \u00a725 ABS 5 Mediengesetz.<\/h2>\t\t\t\t<\/div>\n\t\t\t\t<\/div>\n\t\t\t\t<div class=\"elementor-element elementor-element-c0bf167 elementor-widget elementor-widget-text-editor\" data-id=\"c0bf167\" data-element_type=\"widget\" data-widget_type=\"text-editor.default\">\n\t\t\t\t<div class=\"elementor-widget-container\">\n\t\t\t\t\t\t\t\t\t<p>Ana Lazarevic<br \/>Rosengasse 11<br \/>5020 Salzburg<br \/>\u00d6sterreich<\/p><p>Tel.: +43 667 33 61 311<\/p><p>E-Mail: office@qomuniq.com<br \/>Web: www.qomuniq.com<br \/>Umsatzsteuerbefreit nach der Kleinstunternehmerregelung gem\u00e4\u00df \u00a7 6 Abs. 1 Z 27.<\/p><p><strong>Beh\u00f6rde:<\/strong><br \/>Magistrat Stadt Salzburg<\/p><p><strong>T\u00e4tigkeit:<\/strong><br \/>Sprachunterricht \/ Sprachtraining<\/p><p><strong>Bildmaterial:<\/strong><br \/>Envato Elements; Ana Lazarevic<\/p>\t\t\t\t\t\t\t\t<\/div>\n\t\t\t\t<\/div>\n\t\t\t\t<div class=\"elementor-element elementor-element-358fbf6 elementor-invisible elementor-widget elementor-widget-heading\" data-id=\"358fbf6\" data-element_type=\"widget\" data-settings=\"{&quot;_animation&quot;:&quot;fadeIn&quot;}\" data-widget_type=\"heading.default\">\n\t\t\t\t<div class=\"elementor-widget-container\">\n\t\t\t\t\t<h2 class=\"elementor-heading-title elementor-size-default\">Haftungsausschluss<\/h2>\t\t\t\t<\/div>\n\t\t\t\t<\/div>\n\t\t\t\t<div class=\"elementor-element elementor-element-bf2c3fc elementor-widget elementor-widget-text-editor\" data-id=\"bf2c3fc\" data-element_type=\"widget\" data-widget_type=\"text-editor.default\">\n\t\t\t\t<div class=\"elementor-widget-container\">\n\t\t\t\t\t\t\t\t\t<h3>1. Inhalt des Onlineangebotes<\/h3><p>Der Autor \u00fcbernimmt keinerlei Gew\u00e4hr f\u00fcr die Aktualit\u00e4t, Richtigkeit und Vollst\u00e4ndigkeit der bereitgestellten Informationen auf unserer Website. Haftungsanspr\u00fcche gegen den Autor, welche sich auf Sch\u00e4den materieller oder ideeller Art beziehen, die durch die Nutzung oder Nichtnutzung der dargebotenen Informationen bzw. durch die Nutzung fehlerhafter und unvollst\u00e4ndiger Informationen verursacht wurden, sind grunds\u00e4tzlich ausgeschlossen, sofern seitens des Autors kein nachweislich vors\u00e4tzliches oder grob fahrl\u00e4ssiges Verschulden vorliegt.<br \/>Alle Angebote sind freibleibend und unverbindlich. Der Autor beh\u00e4lt es sich ausdr\u00fccklich vor, Teile der Seiten oder das gesamte Angebot ohne gesonderte Ank\u00fcndigung zu ver\u00e4ndern, zu erg\u00e4nzen, zu l\u00f6schen oder die Ver\u00f6ffentlichung zeitweise oder endg\u00fcltig einzustellen.<\/p><h3>2. Verweise und Links<\/h3><p>Bei direkten oder indirekten Verweisen auf fremde Webseiten (\u201cHyperlinks\u201d), die au\u00dferhalb des Verantwortungsbereiches des Autors liegen, w\u00fcrde eine Haftungsverpflichtung ausschlie\u00dflich in dem Fall in Kraft treten, in dem der Autor von den Inhalten Kenntnis hat und es ihm technisch m\u00f6glich und zumutbar w\u00e4re, die Nutzung im Falle rechtswidriger Inhalte zu verhindern.<br \/>Der Autor erkl\u00e4rt hiermit ausdr\u00fccklich, dass zum Zeitpunkt der Linksetzung keine illegalen Inhalte auf den zu verlinkenden Seiten erkennbar waren. Auf die aktuelle und zuk\u00fcnftige Gestaltung, die Inhalte oder die Urheberschaft der verlinkten\/verkn\u00fcpften Seiten hat der Autor keinerlei Einfluss. Deshalb distanziert er sich hiermit ausdr\u00fccklich von allen Inhalten aller verlinkten \/verkn\u00fcpften Seiten, die nach der Linksetzung ver\u00e4ndert wurden. Diese Feststellung gilt f\u00fcr alle innerhalb des eigenen Internetangebotes gesetzten Links und Verweise sowie f\u00fcr Fremdeintr\u00e4ge in vom Autor eingerichteten G\u00e4steb\u00fcchern, Diskussionsforen, Linkverzeichnissen, Mailinglisten und in allen anderen Formen von Datenbanken, auf deren Inhalt externe Schreibzugriffe m\u00f6glich sind. F\u00fcr illegale, fehlerhafte oder unvollst\u00e4ndige Inhalte und insbesondere f\u00fcr Sch\u00e4den, die aus der Nutzung oder Nichtnutzung solcherart dargebotener Informationen entstehen, haftet allein der Anbieter der Seite, auf welche verwiesen wurde, nicht derjenige, der \u00fcber Links auf die jeweilige Ver\u00f6ffentlichung lediglich verweist.<\/p><h3>3. Urheber- und Kennzeichenrecht<\/h3><p>Der Autor ist bestrebt, in allen Publikationen die Urheberrechte der verwendeten Bilder, Grafiken, Tondokumente, Videosequenzen und Texte zu beachten, von ihm selbst erstellte Bilder, Grafiken, Tondokumente, Videosequenzen und Texte zu nutzen oder auf lizenzfreie Grafiken, Tondokumente, Videosequenzen und Texte zur\u00fcckzugreifen.<br \/>Alle innerhalb des Internetangebotes genannten und ggf. durch Dritte gesch\u00fctzten Marken- und Warenzeichen unterliegen uneingeschr\u00e4nkt den Bestimmungen des jeweils g\u00fcltigen Kennzeichenrechts und den Besitzrechten der jeweiligen eingetragenen Eigent\u00fcmer. Allein aufgrund der blo\u00dfen Nennung ist nicht der Schluss zu ziehen, dass Markenzeichen nicht durch Rechte Dritter gesch\u00fctzt sind!<br \/>Das Copyright f\u00fcr ver\u00f6ffentlichte, vom Autor selbst erstellte Objekte bleibt allein beim Autor der Seiten. Eine Vervielf\u00e4ltigung oder Verwendung solcher Grafiken, Tondokumente, Videosequenzen und Texte in anderen elektronischen oder gedruckten Publikationen ist ohne ausdr\u00fcckliche Zustimmung des Autors nicht gestattet.<\/p><h3>4. Datenschutz<\/h3><p>Sofern innerhalb des Internetangebotes die M\u00f6glichkeit zur Eingabe pers\u00f6nlicher oder gesch\u00e4ftlicher Daten (Emailadressen, Namen, Anschriften) besteht, so erfolgt die Preisgabe dieser Daten seitens des Nutzers auf ausdr\u00fccklich freiwilliger Basis. Die Inanspruchnahme und Bezahlung aller angebotenen Dienste ist \u2013 soweit technisch m\u00f6glich und zumutbar \u2013 auch ohne Angabe solcher Daten bzw. unter Angabe anonymisierter Daten oder eines Pseudonyms gestattet. Die Nutzung der im Rahmen des Impressums oder vergleichbarer Angaben ver\u00f6ffentlichten Kontaktdaten wie Postanschriften, Telefon- und Faxnummern sowie Emailadressen durch Dritte zur \u00dcbersendung von nicht ausdr\u00fccklich angeforderten Informationen ist nicht gestattet. Rechtliche Schritte gegen die Versender von sogenannten Spam-Mails bei Verst\u00f6ssen gegen dieses Verbot sind ausdr\u00fccklich vorbehalten.<\/p><h3>5. Google Adsense<\/h3><p>Diese Website benutzt Google Adsense, einen Webanzeigendienst der Google Inc., USA (\u201cGoogle\u201d). Google Adsense verwendet sog. \u201cCookies\u201d (Textdateien), die auf Ihrem Computer gespeichert werden und die eine Analyse der Benutzung der Website durch Sie erm\u00f6glicht. Google Adsense verwendet auch sog. \u201cWeb Beacons\u201d (kleine unsichtbare Grafiken) zur Sammlung von Informationen. Durch die Verwendung des Web Beacons k\u00f6nnen einfache Aktionen wie der Besucherverkehr auf der Webseite aufgezeichnet und gesammelt werden. Die durch den Cookie und\/oder Web Beacon erzeugten Informationen \u00fcber Ihre Benutzung diese Website (einschlie\u00dflich Ihrer IP-Adresse) werden an einen Server von Google in den USA \u00fcbertragen und dort gespeichert. Google wird diese Informationen benutzen, um Ihre Nutzung der Website im Hinblick auf die Anzeigen auszuwerten, um Reports \u00fcber die Websiteaktivit\u00e4ten und Anzeigen f\u00fcr die Websitebetreiber zusammenzustellen und um weitere mit der Websitenutzung und der Internetnutzung verbundene Dienstleistungen zu erbringen. Auch wird Google diese Informationen gegebenenfalls an Dritte \u00fcbertragen, sofern dies gesetzlich vorgeschrieben oder soweit Dritte diese Daten im Auftrag von Google verarbeiten. Google wird in keinem Fall Ihre IP-Adresse mit anderen Daten der Google in Verbindung bringen. Das Speichern von Cookies auf Ihrer Festplatte und die Anzeige von Web Beacons k\u00f6nnen Sie verhindern, indem Sie in Ihren Browser-Einstellungen \u201ckeine Cookies akzeptieren\u201d w\u00e4hlen (Im MS Internet-Explorer unter \u201cExtras &gt; Internetoptionen &gt; Datenschutz &gt; Einstellung\u201d; im Firefox unter \u201cExtras &gt; Einstellungen &gt; Datenschutz &gt; Cookies\u201d); wir weisen Sie jedoch darauf hin, dass Sie in diesem Fall gegebenenfalls nicht s\u00e4mtliche Funktionen dieser Website voll umf\u00e4nglich nutzen k\u00f6nnen. Durch die Nutzung dieser Website erkl\u00e4ren Sie sich mit der Bearbeitung der \u00fcber Sie erhobenen Daten durch Google in der zuvor beschriebenen Art und Weise und zu dem zuvor benannten Zweck einverstanden.<\/p><h3>6. Google Analytics<\/h3><p>Diese Website benutzt Google Analytics, einen Webanalysedienst der Google Inc. (\u201cGoogle\u201d). Google Analytics verwendet sog. \u201cCookies\u201d, Textdateien, die auf Ihrem Computer gespeichert werden und die eine Analyse der Benutzung der Website durch Sie erm\u00f6glicht. Die durch den Cookie erzeugten Informationen \u00fcber Ihre Benutzung diese Website (einschlie\u00dflich Ihrer IP-Adresse) wird an einen Server von Google in den USA \u00fcbertragen und dort gespeichert. Google wird diese Informationen benutzen, um Ihre Nutzung der Website auszuwerten, um Reports \u00fcber die Websiteaktivit\u00e4ten f\u00fcr die Websitebetreiber zusammenzustellen und um weitere mit der Websitenutzung und der Internetnutzung verbundene Dienstleistungen zu erbringen. Auch wird Google diese Informationen gegebenenfalls an Dritte \u00fcbertragen, sofern dies gesetzlich vorgeschrieben oder soweit Dritte diese Daten im Auftrag von Google verarbeiten. Google wird in keinem Fall Ihre IP-Adresse mit anderen Daten der Google in Verbindung bringen. Sie k\u00f6nnen die Installation der Cookies durch eine entsprechende Einstellung Ihrer Browser Software verhindern; wir weisen Sie jedoch darauf hin, dass Sie in diesem Fall gegebenenfalls nicht s\u00e4mtliche Funktionen dieser Website voll umf\u00e4nglich nutzen k\u00f6nnen. Durch die Nutzung dieser Website erkl\u00e4ren Sie sich mit der Bearbeitung der \u00fcber Sie erhobenen Daten durch Google in der zuvor beschriebenen Art und Weise und zu dem zuvor benannten Zweck einverstanden.<\/p><h3>7. Facebook<\/h3><p>Diese Webseite nutzt Plugins des Anbieters Facebook.com, welche durch das Unternehmen Facebook Inc., 1601 S. California Avenue, Palo Alto, CA 94304 in den USA bereitgestellt werden. Nutzer unserer Webseite, auf der das Facebook-Plugin installiert ist, werden hiermit darauf hingewiesen, dass durch das Plugin eine Verbindung zu Facebook aufgebaut wird, wodurch eine \u00dcbermittlung an Ihren Browser durchgef\u00fchrt wird, damit das Plugin auf der Webseite erscheint.<br \/>Des Weiteren werden durch die Nutzung Daten an die Facebook-Server weitergeleitet, welche Informationen \u00fcber Ihre Webseitenbesuche auf unserer Homepage enthalten. Dies hat f\u00fcr eingeloggte Facebook-Nutzer zur Folge, dass die Nutzungsdaten ihrem pers\u00f6nlichen Facebook-Account zugeordnet werden.<br \/>Sobald Sie als eingeloggter Facebook-Nutzer aktiv das Facebook-Plugin nutzen (z.B. durch das Klicken auf den \u201eGef\u00e4llt mir\u201c Knopf oder die Nutzung der Kommentarfunktion), werden diese Daten zu Ihrem Facebook-Account \u00fcbertragen und ver\u00f6ffentlicht. Dies k\u00f6nnen Sie nur durch vorheriges Ausloggen aus Ihrem Facebook-Account umgehen.<br \/>Weitere Information bez\u00fcglich der Datennutzung durch Facebook entnehmen Sie bitte den datenschutzrechtlichen Bestimmungen auf Facebook.<\/p><h3>8. Rechtswirksamkeit dieses Haftungsausschlusses<\/h3><p>Dieser Haftungsausschluss ist als Teil des Internetangebotes zu betrachten, von dem aus auf diese Seite verwiesen wurde. Sofern Teile oder einzelne Formulierungen dieses Textes der geltenden Rechtslage nicht, nicht mehr oder nicht vollst\u00e4ndig entsprechen sollten, bleiben die \u00fcbrigen Teile des Dokumentes in ihrem Inhalt und ihrer G\u00fcltigkeit davon unber\u00fchrt.<\/p><p>Quelle:\u00a0<a href=\"http:\/\/www.haftungsausschluss.org\/haftungsausschluss\/\">Haftungsausschluss<\/a>\u00a0von\u00a0<a href=\"http:\/\/www.haftungsausschluss-vorlage.de\/\">haftungsausschluss-vorlage.de<\/a><\/p><p>Der Inhalt dieser Seiten ist urheberrechtlich gesch\u00fctzt.<\/p><p>Alle Rechte vorbehalten.<\/p><h3>Alternative Streitbeilegung gem\u00e4\u00df Art. 14 Abs. 1 ODR-VO und \u00a7 36 VSBG:<\/h3><p>Die Europ\u00e4ische Kommission stellt eine Plattform zur Online-Streitbeilegung (OS) bereit, die du unter\u00a0<a href=\"https:\/\/ec.europa.eu\/consumers\/odr\" target=\"_blank\" rel=\"noopener\">https:\/\/ec.europa.eu\/consumers\/odr<\/a>\u00a0findest. Zur Teilnahme an einem Streitbeilegungsverfahren vor einer Verbraucherschlichtungsstelle sind wir nicht verpflichtet und nicht bereit.<\/p>\t\t\t\t\t\t\t\t<\/div>\n\t\t\t\t<\/div>\n\t\t\t\t<\/div>\n\t\t\t\t\t<\/div>\n\t\t\t\t<\/div>\n\t\t\t\t<\/div>","protected":false},"excerpt":{"rendered":"<p>IMPRESSUM Informationspflicht laut \u00a75 E-Commerce Gesetz, \u00a714 Unternehmensgesetzbuch, \u00a763 Gewerbeordnung und Offenlegungspflicht laut \u00a725 ABS 5 Mediengesetz. Ana LazarevicRosengasse 115020 Salzburg\u00d6sterreich Tel.: +43 667 33 61 311 E-Mail: office@qomuniq.comWeb: www.qomuniq.comUmsatzsteuerbefreit nach der Kleinstunternehmerregelung gem\u00e4\u00df \u00a7 6 Abs. 1 Z 27. Beh\u00f6rde:Magistrat Stadt Salzburg T\u00e4tigkeit:Sprachunterricht \/ Sprachtraining Bildmaterial:Envato Elements; Ana Lazarevic Haftungsausschluss 1. Inhalt des Onlineangebotes [&hellip;]<\/p>","protected":false},"author":1,"featured_media":0,"parent":0,"menu_order":0,"comment_status":"closed","ping_status":"closed","template":"","meta":{"footnotes":""},"class_list":["post-645","page","type-page","status-publish","hentry"],"yoast_head":"<!-- This site is optimized with the Yoast SEO plugin v26.1.1 - https:\/\/yoast.com\/wordpress\/plugins\/seo\/ -->\n<title>Impressum \u2013 QOMUNIQ Sprachtraining<\/title>\n<meta name=\"description\" content=\"Rechtliche Informationen und Kontaktangaben gem\u00e4\u00df \u00a7 5 E-Commerce-Gesetz \u2013 QOMUNIQ Sprachtraining.\" \/>\n<meta name=\"robots\" content=\"index, follow, max-snippet:-1, max-image-preview:large, max-video-preview:-1\" \/>\n<link rel=\"canonical\" href=\"https:\/\/qomuniq.com\/en\/impressum\/\" \/>\n<meta property=\"og:locale\" content=\"en_GB\" \/>\n<meta property=\"og:type\" content=\"article\" \/>\n<meta property=\"og:title\" content=\"Impressum \u2013 QOMUNIQ Sprachtraining\" \/>\n<meta property=\"og:description\" content=\"Rechtliche Informationen und Kontaktangaben gem\u00e4\u00df \u00a7 5 E-Commerce-Gesetz \u2013 QOMUNIQ Sprachtraining.\" \/>\n<meta property=\"og:url\" content=\"https:\/\/qomuniq.com\/en\/impressum\/\" \/>\n<meta property=\"og:site_name\" content=\"QOMUNIQ\" \/>\n<meta property=\"article:publisher\" content=\"https:\/\/www.facebook.com\/profile.php?id=61576168273276\" \/>\n<meta property=\"article:modified_time\" content=\"2025-06-23T07:05:43+00:00\" \/>\n<meta property=\"og:image\" content=\"https:\/\/qomuniq.com\/wp-content\/uploads\/Qomuniq_logo_weiss.webp\" \/>\n\t<meta property=\"og:image:width\" content=\"897\" \/>\n\t<meta property=\"og:image:height\" content=\"299\" \/>\n\t<meta property=\"og:image:type\" content=\"image\/webp\" \/>\n<meta name=\"twitter:card\" content=\"summary_large_image\" \/>\n<meta name=\"twitter:label1\" content=\"Estimated reading time\" \/>\n\t<meta name=\"twitter:data1\" content=\"8 minutes\" \/>\n<script type=\"application\/ld+json\" class=\"yoast-schema-graph\">{\"@context\":\"https:\/\/schema.org\",\"@graph\":[{\"@type\":\"WebPage\",\"@id\":\"https:\/\/qomuniq.com\/impressum\/\",\"url\":\"https:\/\/qomuniq.com\/impressum\/\",\"name\":\"Impressum \u2013 QOMUNIQ Sprachtraining\",\"isPartOf\":{\"@id\":\"https:\/\/qomuniq.com\/#website\"},\"primaryImageOfPage\":{\"@id\":\"https:\/\/qomuniq.com\/impressum\/#primaryimage\"},\"image\":{\"@id\":\"https:\/\/qomuniq.com\/impressum\/#primaryimage\"},\"thumbnailUrl\":\"https:\/\/qomuniq.com\/wp-content\/uploads\/Qomuniq_logo_weiss.webp\",\"datePublished\":\"2025-06-03T09:49:04+00:00\",\"dateModified\":\"2025-06-23T07:05:43+00:00\",\"description\":\"Rechtliche Informationen und Kontaktangaben gem\u00e4\u00df \u00a7 5 E-Commerce-Gesetz \u2013 QOMUNIQ Sprachtraining.\",\"breadcrumb\":{\"@id\":\"https:\/\/qomuniq.com\/impressum\/#breadcrumb\"},\"inLanguage\":\"en-GB\",\"potentialAction\":[{\"@type\":\"ReadAction\",\"target\":[\"https:\/\/qomuniq.com\/impressum\/\"]}]},{\"@type\":\"ImageObject\",\"inLanguage\":\"en-GB\",\"@id\":\"https:\/\/qomuniq.com\/impressum\/#primaryimage\",\"url\":\"https:\/\/qomuniq.com\/wp-content\/uploads\/Qomuniq_logo_weiss.webp\",\"contentUrl\":\"https:\/\/qomuniq.com\/wp-content\/uploads\/Qomuniq_logo_weiss.webp\"},{\"@type\":\"BreadcrumbList\",\"@id\":\"https:\/\/qomuniq.com\/impressum\/#breadcrumb\",\"itemListElement\":[{\"@type\":\"ListItem\",\"position\":1,\"name\":\"Startseite\",\"item\":\"https:\/\/qomuniq.com\/\"},{\"@type\":\"ListItem\",\"position\":2,\"name\":\"Impressum\"}]},{\"@type\":\"WebSite\",\"@id\":\"https:\/\/qomuniq.com\/#website\",\"url\":\"https:\/\/qomuniq.com\/\",\"name\":\"QOMUNIQ\",\"description\":\"Sprache mit Identit\u00e4t, Kultur und Pers\u00f6nlichkeit verbinden\",\"publisher\":{\"@id\":\"https:\/\/qomuniq.com\/#organization\"},\"potentialAction\":[{\"@type\":\"SearchAction\",\"target\":{\"@type\":\"EntryPoint\",\"urlTemplate\":\"https:\/\/qomuniq.com\/?s={search_term_string}\"},\"query-input\":{\"@type\":\"PropertyValueSpecification\",\"valueRequired\":true,\"valueName\":\"search_term_string\"}}],\"inLanguage\":\"en-GB\"},{\"@type\":\"Organization\",\"@id\":\"https:\/\/qomuniq.com\/#organization\",\"name\":\"QOMUNIQ\",\"url\":\"https:\/\/qomuniq.com\/\",\"logo\":{\"@type\":\"ImageObject\",\"inLanguage\":\"en-GB\",\"@id\":\"https:\/\/qomuniq.com\/#\/schema\/logo\/image\/\",\"url\":\"https:\/\/qomuniq.com\/wp-content\/uploads\/Qomuniq_logo_schwarz.webp\",\"contentUrl\":\"https:\/\/qomuniq.com\/wp-content\/uploads\/Qomuniq_logo_schwarz.webp\",\"width\":897,\"height\":299,\"caption\":\"QOMUNIQ\"},\"image\":{\"@id\":\"https:\/\/qomuniq.com\/#\/schema\/logo\/image\/\"},\"sameAs\":[\"https:\/\/www.facebook.com\/profile.php?id=61576168273276\",\"https:\/\/www.instagram.com\/qomuniq_\/\"]}]}<\/script>\n<!-- \/ Yoast SEO plugin. -->","yoast_head_json":{"title":"Impressum \u2013 QOMUNIQ Sprachtraining","description":"Rechtliche Informationen und Kontaktangaben gem\u00e4\u00df \u00a7 5 E-Commerce-Gesetz \u2013 QOMUNIQ Sprachtraining.","robots":{"index":"index","follow":"follow","max-snippet":"max-snippet:-1","max-image-preview":"max-image-preview:large","max-video-preview":"max-video-preview:-1"},"canonical":"https:\/\/qomuniq.com\/en\/impressum\/","og_locale":"en_GB","og_type":"article","og_title":"Impressum \u2013 QOMUNIQ Sprachtraining","og_description":"Rechtliche Informationen und Kontaktangaben gem\u00e4\u00df \u00a7 5 E-Commerce-Gesetz \u2013 QOMUNIQ Sprachtraining.","og_url":"https:\/\/qomuniq.com\/en\/impressum\/","og_site_name":"QOMUNIQ","article_publisher":"https:\/\/www.facebook.com\/profile.php?id=61576168273276","article_modified_time":"2025-06-23T07:05:43+00:00","og_image":[{"width":897,"height":299,"url":"https:\/\/qomuniq.com\/wp-content\/uploads\/Qomuniq_logo_weiss.webp","type":"image\/webp"}],"twitter_card":"summary_large_image","twitter_misc":{"Estimated reading time":"8 minutes"},"schema":{"@context":"https:\/\/schema.org","@graph":[{"@type":"WebPage","@id":"https:\/\/qomuniq.com\/impressum\/","url":"https:\/\/qomuniq.com\/impressum\/","name":"Impressum \u2013 QOMUNIQ Sprachtraining","isPartOf":{"@id":"https:\/\/qomuniq.com\/#website"},"primaryImageOfPage":{"@id":"https:\/\/qomuniq.com\/impressum\/#primaryimage"},"image":{"@id":"https:\/\/qomuniq.com\/impressum\/#primaryimage"},"thumbnailUrl":"https:\/\/qomuniq.com\/wp-content\/uploads\/Qomuniq_logo_weiss.webp","datePublished":"2025-06-03T09:49:04+00:00","dateModified":"2025-06-23T07:05:43+00:00","description":"Rechtliche Informationen und Kontaktangaben gem\u00e4\u00df \u00a7 5 E-Commerce-Gesetz \u2013 QOMUNIQ Sprachtraining.","breadcrumb":{"@id":"https:\/\/qomuniq.com\/impressum\/#breadcrumb"},"inLanguage":"en-GB","potentialAction":[{"@type":"ReadAction","target":["https:\/\/qomuniq.com\/impressum\/"]}]},{"@type":"ImageObject","inLanguage":"en-GB","@id":"https:\/\/qomuniq.com\/impressum\/#primaryimage","url":"https:\/\/qomuniq.com\/wp-content\/uploads\/Qomuniq_logo_weiss.webp","contentUrl":"https:\/\/qomuniq.com\/wp-content\/uploads\/Qomuniq_logo_weiss.webp"},{"@type":"BreadcrumbList","@id":"https:\/\/qomuniq.com\/impressum\/#breadcrumb","itemListElement":[{"@type":"ListItem","position":1,"name":"Startseite","item":"https:\/\/qomuniq.com\/"},{"@type":"ListItem","position":2,"name":"Impressum"}]},{"@type":"WebSite","@id":"https:\/\/qomuniq.com\/#website","url":"https:\/\/qomuniq.com\/","name":"QOMUNIQ","description":"Sprache mit Identit\u00e4t, Kultur und Pers\u00f6nlichkeit verbinden","publisher":{"@id":"https:\/\/qomuniq.com\/#organization"},"potentialAction":[{"@type":"SearchAction","target":{"@type":"EntryPoint","urlTemplate":"https:\/\/qomuniq.com\/?s={search_term_string}"},"query-input":{"@type":"PropertyValueSpecification","valueRequired":true,"valueName":"search_term_string"}}],"inLanguage":"en-GB"},{"@type":"Organization","@id":"https:\/\/qomuniq.com\/#organization","name":"QOMUNIQ","url":"https:\/\/qomuniq.com\/","logo":{"@type":"ImageObject","inLanguage":"en-GB","@id":"https:\/\/qomuniq.com\/#\/schema\/logo\/image\/","url":"https:\/\/qomuniq.com\/wp-content\/uploads\/Qomuniq_logo_schwarz.webp","contentUrl":"https:\/\/qomuniq.com\/wp-content\/uploads\/Qomuniq_logo_schwarz.webp","width":897,"height":299,"caption":"QOMUNIQ"},"image":{"@id":"https:\/\/qomuniq.com\/#\/schema\/logo\/image\/"},"sameAs":["https:\/\/www.facebook.com\/profile.php?id=61576168273276","https:\/\/www.instagram.com\/qomuniq_\/"]}]}},"_links":{"self":[{"href":"https:\/\/qomuniq.com\/en\/wp-json\/wp\/v2\/pages\/645","targetHints":{"allow":["GET"]}}],"collection":[{"href":"https:\/\/qomuniq.com\/en\/wp-json\/wp\/v2\/pages"}],"about":[{"href":"https:\/\/qomuniq.com\/en\/wp-json\/wp\/v2\/types\/page"}],"author":[{"embeddable":true,"href":"https:\/\/qomuniq.com\/en\/wp-json\/wp\/v2\/users\/1"}],"replies":[{"embeddable":true,"href":"https:\/\/qomuniq.com\/en\/wp-json\/wp\/v2\/comments?post=645"}],"version-history":[{"count":16,"href":"https:\/\/qomuniq.com\/en\/wp-json\/wp\/v2\/pages\/645\/revisions"}],"predecessor-version":[{"id":1039,"href":"https:\/\/qomuniq.com\/en\/wp-json\/wp\/v2\/pages\/645\/revisions\/1039"}],"wp:attachment":[{"href":"https:\/\/qomuniq.com\/en\/wp-json\/wp\/v2\/media?parent=645"}],"curies":[{"name":"wp","href":"https:\/\/api.w.org\/{rel}","templated":true}]}}