{"id":639,"date":"2025-06-03T09:45:37","date_gmt":"2025-06-03T09:45:37","guid":{"rendered":"https:\/\/qomuniq.com\/?page_id=639"},"modified":"2025-06-23T05:49:27","modified_gmt":"2025-06-23T05:49:27","slug":"arbeitsweise","status":"publish","type":"page","link":"https:\/\/qomuniq.com\/en\/arbeitsweise\/","title":{"rendered":"Work approach"},"content":{"rendered":"<div data-elementor-type=\"wp-page\" data-elementor-id=\"639\" class=\"elementor elementor-639\" data-elementor-post-type=\"page\">\n\t\t\t\t<div class=\"elementor-element elementor-element-7532446 e-con-full e-flex e-con e-parent\" data-id=\"7532446\" data-element_type=\"container\" data-settings=\"{&quot;background_background&quot;:&quot;classic&quot;}\">\n\t\t\t\t<div class=\"elementor-element elementor-element-aa35459 animated-slow elementor-invisible elementor-widget elementor-widget-heading\" data-id=\"aa35459\" data-element_type=\"widget\" data-settings=\"{&quot;_animation&quot;:&quot;fadeIn&quot;}\" data-widget_type=\"heading.default\">\n\t\t\t\t<div class=\"elementor-widget-container\">\n\t\t\t\t\t<h1 class=\"elementor-heading-title elementor-size-default\">Your journey to language <\/br>and cultural connection<\/h1>\t\t\t\t<\/div>\n\t\t\t\t<\/div>\n\t\t\t\t<div class=\"elementor-element elementor-element-bbb27ec animated-slow elementor-invisible elementor-widget elementor-widget-heading\" data-id=\"bbb27ec\" data-element_type=\"widget\" data-settings=\"{&quot;_animation&quot;:&quot;fadeIn&quot;,&quot;_animation_delay&quot;:500}\" data-widget_type=\"heading.default\">\n\t\t\t\t<div class=\"elementor-widget-container\">\n\t\t\t\t\t<h2 class=\"elementor-heading-title elementor-size-default\">Every collaboration begins with a personal initial meeting:<\/h2>\t\t\t\t<\/div>\n\t\t\t\t<\/div>\n\t\t\t\t<\/div>\n\t\t<div class=\"elementor-element elementor-element-1c2774e e-flex e-con-boxed elementor-invisible e-con e-parent\" data-id=\"1c2774e\" data-element_type=\"container\" data-settings=\"{&quot;background_background&quot;:&quot;classic&quot;,&quot;animation&quot;:&quot;fadeInUp&quot;}\">\n\t\t\t\t\t<div class=\"e-con-inner\">\n\t\t<div class=\"elementor-element elementor-element-e5dc5cb e-con-full e-flex e-con e-child\" data-id=\"e5dc5cb\" data-element_type=\"container\" data-settings=\"{&quot;background_background&quot;:&quot;classic&quot;}\">\n\t\t\t\t<div class=\"elementor-element elementor-element-6512fd3 elementor-invisible elementor-widget elementor-widget-heading\" data-id=\"6512fd3\" data-element_type=\"widget\" data-settings=\"{&quot;_animation&quot;:&quot;fadeIn&quot;}\" data-widget_type=\"heading.default\">\n\t\t\t\t<div class=\"elementor-widget-container\">\n\t\t\t\t\t<h2 class=\"elementor-heading-title elementor-size-default translation-block\">Process Visualization<\/h2>\t\t\t\t<\/div>\n\t\t\t\t<\/div>\n\t\t\t\t<div class=\"elementor-element elementor-element-8863d41 elementor-invisible elementor-widget elementor-widget-heading\" data-id=\"8863d41\" data-element_type=\"widget\" data-settings=\"{&quot;_animation&quot;:&quot;fadeIn&quot;}\" data-widget_type=\"heading.default\">\n\t\t\t\t<div class=\"elementor-widget-container\">\n\t\t\t\t\t<h2 class=\"elementor-heading-title elementor-size-default\">The Road to Language Fluency<\/h2>\t\t\t\t<\/div>\n\t\t\t\t<\/div>\n\t\t\t\t<div class=\"elementor-element elementor-element-87a9a20 elementor-icon-list--layout-traditional elementor-list-item-link-full_width elementor-widget elementor-widget-icon-list\" data-id=\"87a9a20\" data-element_type=\"widget\" data-widget_type=\"icon-list.default\">\n\t\t\t\t<div class=\"elementor-widget-container\">\n\t\t\t\t\t\t\t<ul class=\"elementor-icon-list-items\">\n\t\t\t\t\t\t\t<li class=\"elementor-icon-list-item\">\n\t\t\t\t\t\t\t\t\t\t\t<span class=\"elementor-icon-list-icon\">\n\t\t\t\t\t\t\t<svg xmlns=\"http:\/\/www.w3.org\/2000\/svg\" width=\"800px\" height=\"800px\" viewbox=\"0 0 64 64\" fill=\"none\" stroke=\"#009688\" stroke-width=\"3.84\"><g id=\"SVGRepo_bgCarrier\" stroke-width=\"0\"><\/g><g id=\"SVGRepo_tracerCarrier\" stroke-linecap=\"round\" stroke-linejoin=\"round\"><\/g><g id=\"SVGRepo_iconCarrier\"><polyline points=\"28 40 36 32 28 24\"><\/polyline><rect x=\"8\" y=\"8\" width=\"48\" height=\"48\"><\/rect><\/g><\/svg>\t\t\t\t\t\t<\/span>\n\t\t\t\t\t\t\t\t\t\t<span class=\"elementor-icon-list-text\"> <span style=\"color: #009688\">Initial consultation:<\/span> Getting to know you &amp; needs analysis<\/span>\n\t\t\t\t\t\t\t\t\t<\/li>\n\t\t\t\t\t\t\t\t<li class=\"elementor-icon-list-item\">\n\t\t\t\t\t\t\t\t\t\t\t<span class=\"elementor-icon-list-icon\">\n\t\t\t\t\t\t\t<svg xmlns=\"http:\/\/www.w3.org\/2000\/svg\" width=\"800px\" height=\"800px\" viewbox=\"0 0 64 64\" fill=\"none\" stroke=\"#009688\" stroke-width=\"3.84\"><g id=\"SVGRepo_bgCarrier\" stroke-width=\"0\"><\/g><g id=\"SVGRepo_tracerCarrier\" stroke-linecap=\"round\" stroke-linejoin=\"round\"><\/g><g id=\"SVGRepo_iconCarrier\"><polyline points=\"28 40 36 32 28 24\"><\/polyline><rect x=\"8\" y=\"8\" width=\"48\" height=\"48\"><\/rect><\/g><\/svg>\t\t\t\t\t\t<\/span>\n\t\t\t\t\t\t\t\t\t\t<span class=\"elementor-icon-list-text\"> <span style=\"color: #009688\">Goal setting:<\/span> Precise determination of learning goals<\/span>\n\t\t\t\t\t\t\t\t\t<\/li>\n\t\t\t\t\t\t\t\t<li class=\"elementor-icon-list-item\">\n\t\t\t\t\t\t\t\t\t\t\t<span class=\"elementor-icon-list-icon\">\n\t\t\t\t\t\t\t<svg xmlns=\"http:\/\/www.w3.org\/2000\/svg\" width=\"800px\" height=\"800px\" viewbox=\"0 0 64 64\" fill=\"none\" stroke=\"#009688\" stroke-width=\"3.84\"><g id=\"SVGRepo_bgCarrier\" stroke-width=\"0\"><\/g><g id=\"SVGRepo_tracerCarrier\" stroke-linecap=\"round\" stroke-linejoin=\"round\"><\/g><g id=\"SVGRepo_iconCarrier\"><polyline points=\"28 40 36 32 28 24\"><\/polyline><rect x=\"8\" y=\"8\" width=\"48\" height=\"48\"><\/rect><\/g><\/svg>\t\t\t\t\t\t<\/span>\n\t\t\t\t\t\t\t\t\t\t<span class=\"elementor-icon-list-text\"> <span style=\"color: #009688\">Coaching:<\/span> Individually tailored learning units<\/span>\n\t\t\t\t\t\t\t\t\t<\/li>\n\t\t\t\t\t\t\t\t<li class=\"elementor-icon-list-item\">\n\t\t\t\t\t\t\t\t\t\t\t<span class=\"elementor-icon-list-icon\">\n\t\t\t\t\t\t\t<svg xmlns=\"http:\/\/www.w3.org\/2000\/svg\" width=\"800px\" height=\"800px\" viewbox=\"0 0 64 64\" fill=\"none\" stroke=\"#009688\" stroke-width=\"3.84\"><g id=\"SVGRepo_bgCarrier\" stroke-width=\"0\"><\/g><g id=\"SVGRepo_tracerCarrier\" stroke-linecap=\"round\" stroke-linejoin=\"round\"><\/g><g id=\"SVGRepo_iconCarrier\"><polyline points=\"28 40 36 32 28 24\"><\/polyline><rect x=\"8\" y=\"8\" width=\"48\" height=\"48\"><\/rect><\/g><\/svg>\t\t\t\t\t\t<\/span>\n\t\t\t\t\t\t\t\t\t\t<span class=\"elementor-icon-list-text\"> <span style=\"color: #009688\">Feedback:<\/span> Ongoing progress tracking<\/span>\n\t\t\t\t\t\t\t\t\t<\/li>\n\t\t\t\t\t\t\t\t<li class=\"elementor-icon-list-item\">\n\t\t\t\t\t\t\t\t\t\t\t<span class=\"elementor-icon-list-icon\">\n\t\t\t\t\t\t\t<svg xmlns=\"http:\/\/www.w3.org\/2000\/svg\" width=\"800px\" height=\"800px\" viewbox=\"0 0 64 64\" fill=\"none\" stroke=\"#009688\" stroke-width=\"3.84\"><g id=\"SVGRepo_bgCarrier\" stroke-width=\"0\"><\/g><g id=\"SVGRepo_tracerCarrier\" stroke-linecap=\"round\" stroke-linejoin=\"round\"><\/g><g id=\"SVGRepo_iconCarrier\"><polyline points=\"28 40 36 32 28 24\"><\/polyline><rect x=\"8\" y=\"8\" width=\"48\" height=\"48\"><\/rect><\/g><\/svg>\t\t\t\t\t\t<\/span>\n\t\t\t\t\t\t\t\t\t\t<span class=\"elementor-icon-list-text\"> <span style=\"color: #009688\">Accomplishment:<\/span> Achieving personal language goals<\/span>\n\t\t\t\t\t\t\t\t\t<\/li>\n\t\t\t\t\t\t<\/ul>\n\t\t\t\t\t\t<\/div>\n\t\t\t\t<\/div>\n\t\t\t\t<\/div>\n\t\t<div class=\"elementor-element elementor-element-2ed9bb6 e-con-full e-flex e-con e-child\" data-id=\"2ed9bb6\" data-element_type=\"container\" data-settings=\"{&quot;background_background&quot;:&quot;classic&quot;}\">\n\t\t\t\t<div class=\"elementor-element elementor-element-36a9b21 elementor-invisible elementor-widget elementor-widget-heading\" data-id=\"36a9b21\" data-element_type=\"widget\" data-settings=\"{&quot;_animation&quot;:&quot;fadeIn&quot;}\" data-widget_type=\"heading.default\">\n\t\t\t\t<div class=\"elementor-widget-container\">\n\t\t\t\t\t<h2 class=\"elementor-heading-title elementor-size-default\">Getting-to-know-you session and needs assessment<\/h2>\t\t\t\t<\/div>\n\t\t\t\t<\/div>\n\t\t\t\t<div class=\"elementor-element elementor-element-34df545 elementor-invisible elementor-widget elementor-widget-heading\" data-id=\"34df545\" data-element_type=\"widget\" data-settings=\"{&quot;_animation&quot;:&quot;fadeIn&quot;}\" data-widget_type=\"heading.default\">\n\t\t\t\t<div class=\"elementor-widget-container\">\n\t\t\t\t\t<h2 class=\"elementor-heading-title elementor-size-default\">Every collaboration begins with a personal initial meeting: <\/h2>\t\t\t\t<\/div>\n\t\t\t\t<\/div>\n\t\t\t\t<div class=\"elementor-element elementor-element-7ffa40f elementor-invisible elementor-widget elementor-widget-heading\" data-id=\"7ffa40f\" data-element_type=\"widget\" data-settings=\"{&quot;_animation&quot;:&quot;fadeIn&quot;}\" data-widget_type=\"heading.default\">\n\t\t\t\t<div class=\"elementor-widget-container\">\n\t\t\t\t\t<h2 class=\"elementor-heading-title elementor-size-default\">We assess your current level, set goals, and create a plan tailored to you.<\/h2>\t\t\t\t<\/div>\n\t\t\t\t<\/div>\n\t\t\t\t<\/div>\n\t\t\t\t\t<\/div>\n\t\t\t\t<\/div>\n\t\t<div class=\"elementor-element elementor-element-5dafd99 e-flex e-con-boxed elementor-invisible e-con e-parent\" data-id=\"5dafd99\" data-element_type=\"container\" data-settings=\"{&quot;background_background&quot;:&quot;classic&quot;,&quot;animation&quot;:&quot;fadeInUp&quot;}\">\n\t\t\t\t\t<div class=\"e-con-inner\">\n\t\t<div class=\"elementor-element elementor-element-8808ab8 e-con-full e-flex e-con e-child\" data-id=\"8808ab8\" data-element_type=\"container\" data-settings=\"{&quot;background_background&quot;:&quot;classic&quot;}\">\n\t\t\t\t<div class=\"elementor-element elementor-element-8ec8d2b elementor-invisible elementor-widget elementor-widget-heading\" data-id=\"8ec8d2b\" data-element_type=\"widget\" data-settings=\"{&quot;_animation&quot;:&quot;fadeIn&quot;}\" data-widget_type=\"heading.default\">\n\t\t\t\t<div class=\"elementor-widget-container\">\n\t\t\t\t\t<h2 class=\"elementor-heading-title elementor-size-default\">Teaching method<\/h2>\t\t\t\t<\/div>\n\t\t\t\t<\/div>\n\t\t\t\t<div class=\"elementor-element elementor-element-fc6971f elementor-invisible elementor-widget elementor-widget-heading\" data-id=\"fc6971f\" data-element_type=\"widget\" data-settings=\"{&quot;_animation&quot;:&quot;fadeIn&quot;}\" data-widget_type=\"heading.default\">\n\t\t\t\t<div class=\"elementor-widget-container\">\n\t\t\t\t\t<h2 class=\"elementor-heading-title elementor-size-default\">Our way of teaching features <b>innovative thinking<\/b> that goes beyond standardized approaches.<\/h2>\t\t\t\t<\/div>\n\t\t\t\t<\/div>\n\t\t\t\t<div class=\"elementor-element elementor-element-1d233ed elementor-invisible elementor-widget elementor-widget-heading\" data-id=\"1d233ed\" data-element_type=\"widget\" data-settings=\"{&quot;_animation&quot;:&quot;fadeIn&quot;}\" data-widget_type=\"heading.default\">\n\t\t\t\t<div class=\"elementor-widget-container\">\n\t\t\t\t\t<h2 class=\"elementor-heading-title elementor-size-default\">Practical content and a culturally mindful approach, aligned with your way of learning.<\/h2>\t\t\t\t<\/div>\n\t\t\t\t<\/div>\n\t\t\t\t<\/div>\n\t\t<div class=\"elementor-element elementor-element-70b5552 e-con-full e-flex e-con e-child\" data-id=\"70b5552\" data-element_type=\"container\" data-settings=\"{&quot;background_background&quot;:&quot;classic&quot;}\">\n\t\t\t\t<div class=\"elementor-element elementor-element-f90eb32 elementor-invisible elementor-widget elementor-widget-heading\" data-id=\"f90eb32\" data-element_type=\"widget\" data-settings=\"{&quot;_animation&quot;:&quot;fadeIn&quot;}\" data-widget_type=\"heading.default\">\n\t\t\t\t<div class=\"elementor-widget-container\">\n\t\t\t\t\t<h2 class=\"elementor-heading-title elementor-size-default\">Flexible scheduling and structure<\/h2>\t\t\t\t<\/div>\n\t\t\t\t<\/div>\n\t\t\t\t<div class=\"elementor-element elementor-element-b0a7ca7 elementor-invisible elementor-widget elementor-widget-heading\" data-id=\"b0a7ca7\" data-element_type=\"widget\" data-settings=\"{&quot;_animation&quot;:&quot;fadeIn&quot;}\" data-widget_type=\"heading.default\">\n\t\t\t\t<div class=\"elementor-widget-container\">\n\t\t\t\t\t<h2 class=\"elementor-heading-title elementor-size-default\">Flexible digital learning \u2013 solo or in a group, wherever you are.<\/h2>\t\t\t\t<\/div>\n\t\t\t\t<\/div>\n\t\t\t\t<div class=\"elementor-element elementor-element-025e4a9 elementor-invisible elementor-widget elementor-widget-heading\" data-id=\"025e4a9\" data-element_type=\"widget\" data-settings=\"{&quot;_animation&quot;:&quot;fadeIn&quot;}\" data-widget_type=\"heading.default\">\n\t\t\t\t<div class=\"elementor-widget-container\">\n\t\t\t\t\t<h2 class=\"elementor-heading-title elementor-size-default\">We adapt to your lifestyle.<\/h2>\t\t\t\t<\/div>\n\t\t\t\t<\/div>\n\t\t\t\t<\/div>\n\t\t\t\t\t<\/div>\n\t\t\t\t<\/div>\n\t\t<div class=\"elementor-element elementor-element-8dce918 e-flex e-con-boxed e-con e-parent\" data-id=\"8dce918\" data-element_type=\"container\" data-settings=\"{&quot;background_background&quot;:&quot;classic&quot;}\">\n\t\t\t\t\t<div class=\"e-con-inner\">\n\t\t\t\t<div class=\"elementor-element elementor-element-c8068f7 animated-slow elementor-invisible elementor-widget elementor-widget-heading\" data-id=\"c8068f7\" data-element_type=\"widget\" data-settings=\"{&quot;_animation&quot;:&quot;fadeInDown&quot;,&quot;motion_fx_motion_fx_scrolling&quot;:&quot;yes&quot;,&quot;motion_fx_scale_effect&quot;:&quot;yes&quot;,&quot;motion_fx_scale_speed&quot;:{&quot;unit&quot;:&quot;px&quot;,&quot;size&quot;:1,&quot;sizes&quot;:[]},&quot;motion_fx_scale_range&quot;:{&quot;unit&quot;:&quot;%&quot;,&quot;size&quot;:&quot;&quot;,&quot;sizes&quot;:{&quot;start&quot;:20,&quot;end&quot;:85}},&quot;motion_fx_scale_direction&quot;:&quot;out-in&quot;,&quot;motion_fx_devices&quot;:[&quot;desktop&quot;,&quot;laptop&quot;,&quot;tablet&quot;,&quot;mobile&quot;]}\" data-widget_type=\"heading.default\">\n\t\t\t\t<div class=\"elementor-widget-container\">\n\t\t\t\t\t<h2 class=\"elementor-heading-title elementor-size-default\">\"Language unlocks the world.\"<\/h2>\t\t\t\t<\/div>\n\t\t\t\t<\/div>\n\t\t\t\t<div class=\"elementor-element elementor-element-4810901 animated-slow elementor-invisible elementor-widget elementor-widget-heading\" data-id=\"4810901\" data-element_type=\"widget\" data-settings=\"{&quot;_animation&quot;:&quot;fadeInRight&quot;,&quot;_animation_delay&quot;:1000}\" data-widget_type=\"heading.default\">\n\t\t\t\t<div class=\"elementor-widget-container\">\n\t\t\t\t\t<h2 class=\"elementor-heading-title elementor-size-default\">\u2013 Wilhelm von Humboldt<\/h2>\t\t\t\t<\/div>\n\t\t\t\t<\/div>\n\t\t\t\t\t<\/div>\n\t\t\t\t<\/div>\n\t\t<div class=\"elementor-element elementor-element-52eaf4c e-flex e-con-boxed elementor-invisible e-con e-parent\" data-id=\"52eaf4c\" data-element_type=\"container\" data-settings=\"{&quot;background_background&quot;:&quot;classic&quot;,&quot;animation&quot;:&quot;fadeInUp&quot;}\">\n\t\t\t\t\t<div class=\"e-con-inner\">\n\t\t<div class=\"elementor-element elementor-element-d6b5696 e-con-full e-flex e-con e-child\" data-id=\"d6b5696\" data-element_type=\"container\">\n\t\t\t\t<div class=\"elementor-element elementor-element-623bd5c elementor-invisible elementor-widget elementor-widget-heading\" data-id=\"623bd5c\" data-element_type=\"widget\" data-settings=\"{&quot;_animation&quot;:&quot;fadeIn&quot;}\" data-widget_type=\"heading.default\">\n\t\t\t\t<div class=\"elementor-widget-container\">\n\t\t\t\t\t<h2 class=\"elementor-heading-title elementor-size-default\">Start your personal <span style=\"color: #009688\"><\/br>journey today<\/span><\/h2>\t\t\t\t<\/div>\n\t\t\t\t<\/div>\n\t\t\t\t<div class=\"elementor-element elementor-element-3d8f8d1 elementor-invisible elementor-widget elementor-widget-heading\" data-id=\"3d8f8d1\" data-element_type=\"widget\" data-settings=\"{&quot;_animation&quot;:&quot;fadeIn&quot;}\" data-widget_type=\"heading.default\">\n\t\t\t\t<div class=\"elementor-widget-container\">\n\t\t\t\t\t<h2 class=\"elementor-heading-title elementor-size-default\">Explore both the language and the world it opens.<\/h2>\t\t\t\t<\/div>\n\t\t\t\t<\/div>\n\t\t\t\t<div class=\"elementor-element elementor-element-b704a5d elementor-align-left elementor-mobile-align-center elementor-widget elementor-widget-button\" data-id=\"b704a5d\" data-element_type=\"widget\" data-widget_type=\"button.default\">\n\t\t\t\t<div class=\"elementor-widget-container\">\n\t\t\t\t\t\t\t\t\t<div class=\"elementor-button-wrapper\">\n\t\t\t\t\t<a class=\"elementor-button elementor-button-link elementor-size-sm elementor-animation-grow\" href=\"\/en\/kontakt\/\">\n\t\t\t\t\t\t<span class=\"elementor-button-content-wrapper\">\n\t\t\t\t\t\t\t\t\t<span class=\"elementor-button-text\">Book your free consultation<\/span>\n\t\t\t\t\t<\/span>\n\t\t\t\t\t<\/a>\n\t\t\t\t<\/div>\n\t\t\t\t\t\t\t\t<\/div>\n\t\t\t\t<\/div>\n\t\t\t\t<\/div>\n\t\t\t\t\t<\/div>\n\t\t\t\t<\/div>\n\t\t\t\t<\/div>","protected":false},"excerpt":{"rendered":"<p>Ihr Weg zur sprachlichen &amp; kulturellen Integration Jede Zusammenarbeit beginnt mit einem pers\u00f6nlichen Erstgespr\u00e4ch Prozess-visualisierung Der Pfad zu sprachlichem Erfolg Erstgespr\u00e4ch: Kennenlernen und Bedarfsanalyse Zieldefinition: Festlegung konkreter Lernziele Training: Individuell angepasste Lerneinheiten Feedback: Kontinuierliche Fortschrittskontrolle Erfolg: Erreichen der pers\u00f6nlichen Sprachziele Erstgespr\u00e4ch und Analyse Jede Zusammenarbeit beginnt mit einem pers\u00f6nlichen Gespr\u00e4ch: Wir analysieren Ihre Sprachkenntnisse, legen [&hellip;]<\/p>","protected":false},"author":1,"featured_media":0,"parent":0,"menu_order":0,"comment_status":"closed","ping_status":"closed","template":"","meta":{"footnotes":""},"class_list":["post-639","page","type-page","status-publish","hentry"],"yoast_head":"<!-- This site is optimized with the Yoast SEO plugin v26.1.1 - https:\/\/yoast.com\/wordpress\/plugins\/seo\/ -->\n<title>Unsere Arbeitsweise \u2013 Wie QOMUNIQ Sprachtraining gestaltet<\/title>\n<meta name=\"description\" content=\"Unser Sprachtraining ist dialogbasiert, praxisnah und flexibel: Erfahren Sie, wie wir Lernende auf ihrem individuellen Weg begleiten.\" \/>\n<meta name=\"robots\" content=\"index, follow, max-snippet:-1, max-image-preview:large, max-video-preview:-1\" \/>\n<link rel=\"canonical\" href=\"https:\/\/qomuniq.com\/en\/arbeitsweise\/\" \/>\n<meta property=\"og:locale\" content=\"en_GB\" \/>\n<meta property=\"og:type\" content=\"article\" \/>\n<meta property=\"og:title\" content=\"Unsere Arbeitsweise \u2013 Wie QOMUNIQ Sprachtraining gestaltet\" \/>\n<meta property=\"og:description\" content=\"Unser Sprachtraining ist dialogbasiert, praxisnah und flexibel: Erfahren Sie, wie wir Lernende auf ihrem individuellen Weg begleiten.\" \/>\n<meta property=\"og:url\" content=\"https:\/\/qomuniq.com\/en\/arbeitsweise\/\" \/>\n<meta property=\"og:site_name\" content=\"QOMUNIQ\" \/>\n<meta property=\"article:publisher\" content=\"https:\/\/www.facebook.com\/profile.php?id=61576168273276\" \/>\n<meta property=\"article:modified_time\" content=\"2025-06-23T05:49:27+00:00\" \/>\n<meta name=\"twitter:card\" content=\"summary_large_image\" \/>\n<meta name=\"twitter:label1\" content=\"Estimated reading time\" \/>\n\t<meta name=\"twitter:data1\" content=\"1 minute\" \/>\n<script type=\"application\/ld+json\" class=\"yoast-schema-graph\">{\"@context\":\"https:\/\/schema.org\",\"@graph\":[{\"@type\":\"WebPage\",\"@id\":\"https:\/\/qomuniq.com\/arbeitsweise\/\",\"url\":\"https:\/\/qomuniq.com\/arbeitsweise\/\",\"name\":\"Unsere Arbeitsweise \u2013 Wie QOMUNIQ Sprachtraining gestaltet\",\"isPartOf\":{\"@id\":\"https:\/\/qomuniq.com\/#website\"},\"datePublished\":\"2025-06-03T09:45:37+00:00\",\"dateModified\":\"2025-06-23T05:49:27+00:00\",\"description\":\"Unser Sprachtraining ist dialogbasiert, praxisnah und flexibel: Erfahren Sie, wie wir Lernende auf ihrem individuellen Weg begleiten.\",\"breadcrumb\":{\"@id\":\"https:\/\/qomuniq.com\/arbeitsweise\/#breadcrumb\"},\"inLanguage\":\"en-GB\",\"potentialAction\":[{\"@type\":\"ReadAction\",\"target\":[\"https:\/\/qomuniq.com\/arbeitsweise\/\"]}]},{\"@type\":\"BreadcrumbList\",\"@id\":\"https:\/\/qomuniq.com\/arbeitsweise\/#breadcrumb\",\"itemListElement\":[{\"@type\":\"ListItem\",\"position\":1,\"name\":\"Startseite\",\"item\":\"https:\/\/qomuniq.com\/\"},{\"@type\":\"ListItem\",\"position\":2,\"name\":\"Arbeitsweise\"}]},{\"@type\":\"WebSite\",\"@id\":\"https:\/\/qomuniq.com\/#website\",\"url\":\"https:\/\/qomuniq.com\/\",\"name\":\"QOMUNIQ\",\"description\":\"Sprache mit Identit\u00e4t, Kultur und Pers\u00f6nlichkeit verbinden\",\"publisher\":{\"@id\":\"https:\/\/qomuniq.com\/#organization\"},\"potentialAction\":[{\"@type\":\"SearchAction\",\"target\":{\"@type\":\"EntryPoint\",\"urlTemplate\":\"https:\/\/qomuniq.com\/?s={search_term_string}\"},\"query-input\":{\"@type\":\"PropertyValueSpecification\",\"valueRequired\":true,\"valueName\":\"search_term_string\"}}],\"inLanguage\":\"en-GB\"},{\"@type\":\"Organization\",\"@id\":\"https:\/\/qomuniq.com\/#organization\",\"name\":\"QOMUNIQ\",\"url\":\"https:\/\/qomuniq.com\/\",\"logo\":{\"@type\":\"ImageObject\",\"inLanguage\":\"en-GB\",\"@id\":\"https:\/\/qomuniq.com\/#\/schema\/logo\/image\/\",\"url\":\"https:\/\/qomuniq.com\/wp-content\/uploads\/Qomuniq_logo_schwarz.webp\",\"contentUrl\":\"https:\/\/qomuniq.com\/wp-content\/uploads\/Qomuniq_logo_schwarz.webp\",\"width\":897,\"height\":299,\"caption\":\"QOMUNIQ\"},\"image\":{\"@id\":\"https:\/\/qomuniq.com\/#\/schema\/logo\/image\/\"},\"sameAs\":[\"https:\/\/www.facebook.com\/profile.php?id=61576168273276\",\"https:\/\/www.instagram.com\/qomuniq_\/\"]}]}<\/script>\n<!-- \/ Yoast SEO plugin. -->","yoast_head_json":{"title":"Unsere Arbeitsweise \u2013 Wie QOMUNIQ Sprachtraining gestaltet","description":"Unser Sprachtraining ist dialogbasiert, praxisnah und flexibel: Erfahren Sie, wie wir Lernende auf ihrem individuellen Weg begleiten.","robots":{"index":"index","follow":"follow","max-snippet":"max-snippet:-1","max-image-preview":"max-image-preview:large","max-video-preview":"max-video-preview:-1"},"canonical":"https:\/\/qomuniq.com\/en\/arbeitsweise\/","og_locale":"en_GB","og_type":"article","og_title":"Unsere Arbeitsweise \u2013 Wie QOMUNIQ Sprachtraining gestaltet","og_description":"Unser Sprachtraining ist dialogbasiert, praxisnah und flexibel: Erfahren Sie, wie wir Lernende auf ihrem individuellen Weg begleiten.","og_url":"https:\/\/qomuniq.com\/en\/arbeitsweise\/","og_site_name":"QOMUNIQ","article_publisher":"https:\/\/www.facebook.com\/profile.php?id=61576168273276","article_modified_time":"2025-06-23T05:49:27+00:00","twitter_card":"summary_large_image","twitter_misc":{"Estimated reading time":"1 minute"},"schema":{"@context":"https:\/\/schema.org","@graph":[{"@type":"WebPage","@id":"https:\/\/qomuniq.com\/arbeitsweise\/","url":"https:\/\/qomuniq.com\/arbeitsweise\/","name":"Unsere Arbeitsweise \u2013 Wie QOMUNIQ Sprachtraining gestaltet","isPartOf":{"@id":"https:\/\/qomuniq.com\/#website"},"datePublished":"2025-06-03T09:45:37+00:00","dateModified":"2025-06-23T05:49:27+00:00","description":"Unser Sprachtraining ist dialogbasiert, praxisnah und flexibel: Erfahren Sie, wie wir Lernende auf ihrem individuellen Weg begleiten.","breadcrumb":{"@id":"https:\/\/qomuniq.com\/arbeitsweise\/#breadcrumb"},"inLanguage":"en-GB","potentialAction":[{"@type":"ReadAction","target":["https:\/\/qomuniq.com\/arbeitsweise\/"]}]},{"@type":"BreadcrumbList","@id":"https:\/\/qomuniq.com\/arbeitsweise\/#breadcrumb","itemListElement":[{"@type":"ListItem","position":1,"name":"Startseite","item":"https:\/\/qomuniq.com\/"},{"@type":"ListItem","position":2,"name":"Arbeitsweise"}]},{"@type":"WebSite","@id":"https:\/\/qomuniq.com\/#website","url":"https:\/\/qomuniq.com\/","name":"QOMUNIQ","description":"Sprache mit Identit\u00e4t, Kultur und Pers\u00f6nlichkeit verbinden","publisher":{"@id":"https:\/\/qomuniq.com\/#organization"},"potentialAction":[{"@type":"SearchAction","target":{"@type":"EntryPoint","urlTemplate":"https:\/\/qomuniq.com\/?s={search_term_string}"},"query-input":{"@type":"PropertyValueSpecification","valueRequired":true,"valueName":"search_term_string"}}],"inLanguage":"en-GB"},{"@type":"Organization","@id":"https:\/\/qomuniq.com\/#organization","name":"QOMUNIQ","url":"https:\/\/qomuniq.com\/","logo":{"@type":"ImageObject","inLanguage":"en-GB","@id":"https:\/\/qomuniq.com\/#\/schema\/logo\/image\/","url":"https:\/\/qomuniq.com\/wp-content\/uploads\/Qomuniq_logo_schwarz.webp","contentUrl":"https:\/\/qomuniq.com\/wp-content\/uploads\/Qomuniq_logo_schwarz.webp","width":897,"height":299,"caption":"QOMUNIQ"},"image":{"@id":"https:\/\/qomuniq.com\/#\/schema\/logo\/image\/"},"sameAs":["https:\/\/www.facebook.com\/profile.php?id=61576168273276","https:\/\/www.instagram.com\/qomuniq_\/"]}]}},"_links":{"self":[{"href":"https:\/\/qomuniq.com\/en\/wp-json\/wp\/v2\/pages\/639","targetHints":{"allow":["GET"]}}],"collection":[{"href":"https:\/\/qomuniq.com\/en\/wp-json\/wp\/v2\/pages"}],"about":[{"href":"https:\/\/qomuniq.com\/en\/wp-json\/wp\/v2\/types\/page"}],"author":[{"embeddable":true,"href":"https:\/\/qomuniq.com\/en\/wp-json\/wp\/v2\/users\/1"}],"replies":[{"embeddable":true,"href":"https:\/\/qomuniq.com\/en\/wp-json\/wp\/v2\/comments?post=639"}],"version-history":[{"count":16,"href":"https:\/\/qomuniq.com\/en\/wp-json\/wp\/v2\/pages\/639\/revisions"}],"predecessor-version":[{"id":945,"href":"https:\/\/qomuniq.com\/en\/wp-json\/wp\/v2\/pages\/639\/revisions\/945"}],"wp:attachment":[{"href":"https:\/\/qomuniq.com\/en\/wp-json\/wp\/v2\/media?parent=639"}],"curies":[{"name":"wp","href":"https:\/\/api.w.org\/{rel}","templated":true}]}}